{"id":1726,"date":"2014-09-15T13:30:12","date_gmt":"2014-09-15T17:30:12","guid":{"rendered":"https:\/\/mediahint.com\/support\/condiciones-de-uso"},"modified":"2014-09-15T13:30:12","modified_gmt":"2014-09-15T17:30:12","slug":"condiciones-de-uso","status":"publish","type":"page","link":"http:\/\/mediahint.support\/support\/es\/condiciones-de-uso","title":{"rendered":"Condiciones de uso"},"content":{"rendered":"<section class=\"docs-header\">\n<h3>Informaci\u00f3n general<\/h3>\n<\/section>\n<section class=\"docs-text\">MediaHint.com es un proveedor de servicios de servidores proxy a los que se puede acceder a trav\u00e9s de extensiones de MediaHint (\u201cNuestro software\u201d) para navegadores y que se comercializan en nuestro sitio web www.MediaHint.com (\u201cNuestro Sitio\u201d), denominados en conjunto o por separado \u201cNuestros Servicios\u201d. Nuestras Condiciones de uso y nuestra Pol\u00edtica de privacidad se aplican a quienes visiten Nuestro Sitio (\u201cVisitantes de Nuestro Sitio\u201d) y a quienes descarguen o utilicen Nuestro Software (\u201cUsuarios de Nuestro Software\u201d), denominados en conjunto o por separado \u201cUsuarios de Nuestros Servicios\u201d. Nuestras Condiciones de uso y nuestra Pol\u00edtica de privacidad se aplican a todos los Usuarios de Nuestros Servicios. En Nuestras Condiciones de uso (y en cualquier otro documento citado en ellas) se establecen normas respecto del uso de Nuestros Servicios, de nuestras responsabilidades y de nuestros derechos.<\/p>\n<p>En Nuestra Pol\u00edtica de privacidad (y en cualquier otro documento citado en ella) se tratan todas las maneras en que a trav\u00e9s de Nuestro Sitio, de Nuestro Software y de Terceros se recopilan y utilizan datos de Usuarios de Nuestro Software.<\/p>\n<p>Lee detenidamente las Condiciones de uso y la Pol\u00edtica de privacidad antes de comenzar a utilizar Nuestros Servicios.<\/p>\n<p>Al utilizar Nuestros Servicios, confirmar\u00e1s que aceptas nuestra Pol\u00edtica de privacidad y nuestras Condiciones de uso, y que cumplir\u00e1s con ellas. Si no aceptas estas Condiciones de uso y Pol\u00edticas de privacidad, abstente de utilizar Nuestros Servicios.<\/p>\n<p>Si tienes alguna pregunta relacionada con nuestras Condiciones de uso o nuestra Pol\u00edtica de privacidad, puedes comunicarte con nosotros por correo electr\u00f3nico (<a href=\"mailto:contact@mediahint.com\">contact@mediahint.com<\/a>).<\/p>\n<hr \/>\n<p>\u00a0<\/p>\n<\/section>\n<section class=\"docs-text\">\n<h3>1 \u00a0\u00a0 USOS PROHIBIDOS<\/h3>\n<p>Puedes utilizar Nuestros Servicios solo para fines leg\u00edtimos, y se excluye, sin sentido limitativo, lo siguiente:<\/p>\n<ul>\n<li>cualquier aplicaci\u00f3n que infrinja una normativa local, nacional o internacional;<\/li>\n<li>cualquier aplicaci\u00f3n que infrinja las condiciones de servicio o cualquier otra normativa de uso de los sitios web a los que accedas;<\/li>\n<li>cualquier aplicaci\u00f3n cuyo prop\u00f3sito sea causar da\u00f1o a menores o intentar hacerlo;<\/li>\n<li>cualquier aplicaci\u00f3n que infrinja las disposiciones relacionadas con ataques de virus o piratas inform\u00e1ticos;<\/li>\n<li>cualquier carga, publicaci\u00f3n, mensaje de correo electr\u00f3nico o forma de transmisi\u00f3n de contenido pensado para instigar o generar conductas inminentes que sean ileg\u00edtimas, perjudiciales, amenazantes, de hostigamiento, il\u00edcitas, difamatorias, vulgares, obscenas, calumniosas, invasivas respecto de la privacidad de otros, aborrecibles, o bien repudiables en t\u00e9rminos raciales, \u00e9tnicos o de otra \u00edndole, y que puedan generar tales conductas;<\/li>\n<li>cualquier intento de suplantar a una persona o entidad, o de falsificar tu afiliaci\u00f3n con una persona o entidad;<\/li>\n<li>cualquier manipulaci\u00f3n de encabezados o identificadores para ocultar el origen de contenidos transmitidos a trav\u00e9s del sistema;<\/li>\n<li>cualquier carga, publicaci\u00f3n, mensaje de correo electr\u00f3nico o forma de transmisi\u00f3n de contenido en infracci\u00f3n respecto de una patente, una marca comercial, un secreto comercial, un derecho de autor u otro derecho de propiedad;<\/li>\n<li>cualquier carga, publicaci\u00f3n, mensaje de correo electr\u00f3nico o forma de transmisi\u00f3n de contenido de publicidad, material promocional, \u201ccorreo basura\u201d, \u201ccorreo no deseado\u201d, \u201ccadenas\u201d o \u201cesquemas piramidales\u201d no solicitados ni autorizados;<\/li>\n<li>cualquier interferencia o alteraci\u00f3n del sistema de nuestro sitio, o de los servidores o las redes conectados al sistema de nuestro sitio, o bien cualquier inobservancia de los requisitos, los procedimientos, las pol\u00edticas o las normativas de las redes conectadas al sistema de nuestro sitio;<\/li>\n<li>cualquier promoci\u00f3n u otra forma de instrucci\u00f3n acerca de actividades ilegales, cualquier instigaci\u00f3n a ocasionar da\u00f1os o lesiones a un grupo o individuo, o bien cualquier iniciativa de actos de crueldad hacia los animales.<\/li>\n<\/ul>\n<h3>2 \u00a0\u00a0 NUESTRA RESPONSABILIDAD<\/h3>\n<p>Nuestros Servicios se brindan \u201ctal y como est\u00e1n\u201d sin avales, condiciones ni garant\u00edas respecto de su calidad o adecuaci\u00f3n para fines espec\u00edficos. Por el presente documento, excluimos los requisitos, las garant\u00edas y otras condiciones que pudieran estar previstas en una norma escrita, de facto o en las leyes del sistema Equity, y no formulamos, acerca de Nuestros Servicios, declaraciones ni garant\u00edas, expresas o impl\u00edcitas, respecto de su precisi\u00f3n o completitud ni de su calidad satisfactoria o adecuaci\u00f3n para fines espec\u00edficos. En la medida en que la ley lo permita, y conforme a las excepciones que siguen, rechazamos, por el presente documento, toda responsabilidad por avales, garant\u00edas y otras condiciones que pudieran estar previstas en una norma escrita, de facto o en las leyes del sistema Equity, cualquier p\u00e9rdida o da\u00f1o directo, indirecto o derivado ocasionado por Usuarios de Nuestro Servicio o por cualquier usuario en relaci\u00f3n con Nuestros Servicios, o respecto del uso, la incapacidad para hacer uso y las consecuencias del uso de Nuestros Servicios, de cualquier sitio web vinculado a este y de los materiales all\u00ed publicados, incluida, sin sentido limitativo, toda responsabilidad por:<\/p>\n<ul>\n<li>p\u00e9rdidas de ingresos;<\/li>\n<li>p\u00e9rdida de oportunidades comerciales;<\/li>\n<li>p\u00e9rdida de ganancias o contratos;<\/li>\n<li>p\u00e9rdida de ahorros anticipados;<\/li>\n<li>p\u00e9rdida de datos;<\/li>\n<li>p\u00e9rdida de fondos de comercio;<\/li>\n<li>p\u00e9rdida de tiempo de administraci\u00f3n o de oficina; y<\/li>\n<li>cualquier otra p\u00e9rdida u otro da\u00f1o que pudieran surgir, sin importar si fueron ocasionados por perjuicios (incluida la negligencia), incumplimientos de contratos u otras razones, aun cuando puedan preverse de manera razonable, dado que esta condici\u00f3n no proh\u00edbe reclamaciones por p\u00e9rdidas o da\u00f1os en tu propiedad tangible.<\/li>\n<\/ul>\n<h3>3 \u00a0\u00a0 ENLACES DE NUESTRO SITIO<\/h3>\n<p>En el caso de que en Nuestros Servicios se incluyan enlaces a otros sitios web y recursos provistos por terceros, dichos enlaces se proporcionar\u00e1n \u00fanicamente para fines informativos. No controlamos el contenido de estos sitios o recursos y no aceptamos responsabilidades que deriven de estos ni p\u00e9rdidas o da\u00f1os que puedan surgir por su uso.<\/p>\n<h3>4 \u00a0\u00a0 NUESTROS DERECHO A MODIFICAR ESTOS T\u00c9RMINOS Y CONDICIONES Y LA POL\u00cdTICA DE PRIVACIDAD<\/h3>\n<p>Nos reservamos el derecho de revisar estos t\u00e9rminos en cualquier momento al corregir esta p\u00e1gina. Se espera que la visites ocasionalmente para estar al tanto de los cambios que realicemos, ya que son vinculantes para ti. Algunas de las disposiciones de estos t\u00e9rminos pueden quedar sin efecto debido a disposiciones o avisos publicados en otra parte de Nuestro Sitio.<\/p>\n<\/section>\n<section class=\"docs-header\">\n<hr \/>\n<h3><\/h3>\n<h3>Reembolsos<\/h3>\n<\/section>\n<section class=\"docs-text\">Gracias por apoyar a MediaHint. Si no est\u00e1s totalmente satisfecho con tu compra, estamos para ayudar. Tienes 7 d\u00edas calendarios a partir de la fecha de la compra de tu suscripci\u00f3n y de la recepci\u00f3n. Para poder recibir un reembolso, debes proporcionarnos tu direcci\u00f3n de correo electr\u00f3nico y un comprobante de la compra.<\/p>\n<p>Una vez que recibamos tu solicitud, la verificaremos y te enviaremos una notificaci\u00f3n electr\u00f3nica de conformidad de tu pedido respecto de nuestra pol\u00edtica de reembolsos. Te notificaremos de inmediato el estado de tu reembolso una vez que se haya tomado una decisi\u00f3n.<\/p>\n<p>Si se aprueba tu reembolso, lo iniciaremos y se destinar\u00e1 a tu tarjeta de cr\u00e9dito (o al medio de pago original). Recibir\u00e1s la acreditaci\u00f3n en una cantidad de d\u00edas determinada, seg\u00fan las pol\u00edticas del emisor de tu tarjeta.<\/p>\n<p>\u00a0<\/p>\n<h3>Para solicitar un reembolso<\/h3>\n<p>Para solicitar un reembolso, haz lo siguiente:<\/p>\n<p>Inicia sesi\u00f3n en tu cuenta.<\/p>\n<p>Env\u00eda un vale de asistencia a trav\u00e9s de <a href=\"https:\/\/mediahint.com\/account\">https:\/\/mediahint.com\/cuenta<\/a><\/p>\n<p>En el cuerpo del vale de asistencia, indica tu deseo de obtener un reembolso y explica la raz\u00f3n por la que quieres discontinuar el servicio.<\/p>\n<p>\u00a0<\/p>\n<h3>Cont\u00e1ctanos<\/h3>\n<p>Si tienes preguntas, comun\u00edcate con nosotros a trav\u00e9s del enlace de asistencia de la parte inferior en <a href=\"https:\/\/mediahint.com\/account\" target=\"_blank\">https:\/\/mediahint.com\/cuenta<\/a>.<\/p>\n<\/section>\n","protected":false},"excerpt":{"rendered":"<p>Informaci\u00f3n general MediaHint.com es un proveedor de servicios de servidores proxy a los que se puede acceder a trav\u00e9s de extensiones de MediaHint (\u201cNuestro software\u201d) para navegadores y que se comercializan en nuestro sitio web www.MediaHint.com (\u201cNuestro Sitio\u201d), denominados en conjunto o por separado \u201cNuestros Servicios\u201d. Nuestras Condiciones de uso y nuestra Pol\u00edtica de privacidad [&hellip;]<\/p>\n","protected":false},"author":1,"featured_media":0,"parent":0,"menu_order":0,"comment_status":"closed","ping_status":"closed","template":"template-full-width.php","meta":{"footnotes":"","_links_to":"","_links_to_target":""},"class_list":["post-1726","page","type-page","status-publish","hentry"],"yoast_head":"<!-- This site is optimized with the Yoast SEO plugin v27.2 - https:\/\/yoast.com\/product\/yoast-seo-wordpress\/ -->\n<title>Condiciones de uso - Media Hint Support<\/title>\n<meta name=\"robots\" content=\"index, follow, max-snippet:-1, max-image-preview:large, max-video-preview:-1\" \/>\n<link rel=\"canonical\" href=\"http:\/\/mediahint.support\/support\/es\/condiciones-de-uso\" \/>\n<meta property=\"og:locale\" content=\"es_ES\" \/>\n<meta property=\"og:type\" content=\"article\" \/>\n<meta property=\"og:title\" content=\"Condiciones de uso - Media Hint Support\" \/>\n<meta property=\"og:description\" content=\"Informaci\u00f3n general MediaHint.com es un proveedor de servicios de servidores proxy a los que se puede acceder a trav\u00e9s de extensiones de MediaHint (\u201cNuestro software\u201d) para navegadores y que se comercializan en nuestro sitio web www.MediaHint.com (\u201cNuestro Sitio\u201d), denominados en conjunto o por separado \u201cNuestros Servicios\u201d. Nuestras Condiciones de uso y nuestra Pol\u00edtica de privacidad [&hellip;]\" \/>\n<meta property=\"og:url\" content=\"http:\/\/mediahint.support\/support\/es\/condiciones-de-uso\" \/>\n<meta property=\"og:site_name\" content=\"Media Hint Support\" \/>\n<meta name=\"twitter:label1\" content=\"Tiempo de lectura\" \/>\n\t<meta name=\"twitter:data1\" content=\"6 minutos\" \/>\n<script type=\"application\/ld+json\" class=\"yoast-schema-graph\">{\"@context\":\"https:\/\/schema.org\",\"@graph\":[{\"@type\":\"WebPage\",\"@id\":\"http:\/\/mediahint.support\/support\/es\/condiciones-de-uso\",\"url\":\"http:\/\/mediahint.support\/support\/es\/condiciones-de-uso\",\"name\":\"Condiciones de uso - Media Hint Support\",\"isPartOf\":{\"@id\":\"http:\/\/mediahint.support\/support\/#website\"},\"datePublished\":\"2014-09-15T17:30:12+00:00\",\"breadcrumb\":{\"@id\":\"http:\/\/mediahint.support\/support\/es\/condiciones-de-uso#breadcrumb\"},\"inLanguage\":\"es\",\"potentialAction\":[{\"@type\":\"ReadAction\",\"target\":[\"http:\/\/mediahint.support\/support\/es\/condiciones-de-uso\"]}]},{\"@type\":\"BreadcrumbList\",\"@id\":\"http:\/\/mediahint.support\/support\/es\/condiciones-de-uso#breadcrumb\",\"itemListElement\":[{\"@type\":\"ListItem\",\"position\":1,\"name\":\"Home\",\"item\":\"http:\/\/mediahint.support\/support\/es\"},{\"@type\":\"ListItem\",\"position\":2,\"name\":\"Condiciones de uso\"}]},{\"@type\":\"WebSite\",\"@id\":\"http:\/\/mediahint.support\/support\/#website\",\"url\":\"http:\/\/mediahint.support\/support\/\",\"name\":\"Media Hint Support\",\"description\":\"\",\"potentialAction\":[{\"@type\":\"SearchAction\",\"target\":{\"@type\":\"EntryPoint\",\"urlTemplate\":\"http:\/\/mediahint.support\/support\/?s={search_term_string}\"},\"query-input\":{\"@type\":\"PropertyValueSpecification\",\"valueRequired\":true,\"valueName\":\"search_term_string\"}}],\"inLanguage\":\"es\"}]}<\/script>\n<!-- \/ Yoast SEO plugin. -->","yoast_head_json":{"title":"Condiciones de uso - Media Hint Support","robots":{"index":"index","follow":"follow","max-snippet":"max-snippet:-1","max-image-preview":"max-image-preview:large","max-video-preview":"max-video-preview:-1"},"canonical":"http:\/\/mediahint.support\/support\/es\/condiciones-de-uso","og_locale":"es_ES","og_type":"article","og_title":"Condiciones de uso - Media Hint Support","og_description":"Informaci\u00f3n general MediaHint.com es un proveedor de servicios de servidores proxy a los que se puede acceder a trav\u00e9s de extensiones de MediaHint (\u201cNuestro software\u201d) para navegadores y que se comercializan en nuestro sitio web www.MediaHint.com (\u201cNuestro Sitio\u201d), denominados en conjunto o por separado \u201cNuestros Servicios\u201d. Nuestras Condiciones de uso y nuestra Pol\u00edtica de privacidad [&hellip;]","og_url":"http:\/\/mediahint.support\/support\/es\/condiciones-de-uso","og_site_name":"Media Hint Support","twitter_misc":{"Tiempo de lectura":"6 minutos"},"schema":{"@context":"https:\/\/schema.org","@graph":[{"@type":"WebPage","@id":"http:\/\/mediahint.support\/support\/es\/condiciones-de-uso","url":"http:\/\/mediahint.support\/support\/es\/condiciones-de-uso","name":"Condiciones de uso - Media Hint Support","isPartOf":{"@id":"http:\/\/mediahint.support\/support\/#website"},"datePublished":"2014-09-15T17:30:12+00:00","breadcrumb":{"@id":"http:\/\/mediahint.support\/support\/es\/condiciones-de-uso#breadcrumb"},"inLanguage":"es","potentialAction":[{"@type":"ReadAction","target":["http:\/\/mediahint.support\/support\/es\/condiciones-de-uso"]}]},{"@type":"BreadcrumbList","@id":"http:\/\/mediahint.support\/support\/es\/condiciones-de-uso#breadcrumb","itemListElement":[{"@type":"ListItem","position":1,"name":"Home","item":"http:\/\/mediahint.support\/support\/es"},{"@type":"ListItem","position":2,"name":"Condiciones de uso"}]},{"@type":"WebSite","@id":"http:\/\/mediahint.support\/support\/#website","url":"http:\/\/mediahint.support\/support\/","name":"Media Hint Support","description":"","potentialAction":[{"@type":"SearchAction","target":{"@type":"EntryPoint","urlTemplate":"http:\/\/mediahint.support\/support\/?s={search_term_string}"},"query-input":{"@type":"PropertyValueSpecification","valueRequired":true,"valueName":"search_term_string"}}],"inLanguage":"es"}]}},"_links":{"self":[{"href":"http:\/\/mediahint.support\/support\/es\/wp-json\/wp\/v2\/pages\/1726","targetHints":{"allow":["GET"]}}],"collection":[{"href":"http:\/\/mediahint.support\/support\/es\/wp-json\/wp\/v2\/pages"}],"about":[{"href":"http:\/\/mediahint.support\/support\/es\/wp-json\/wp\/v2\/types\/page"}],"author":[{"embeddable":true,"href":"http:\/\/mediahint.support\/support\/es\/wp-json\/wp\/v2\/users\/1"}],"replies":[{"embeddable":true,"href":"http:\/\/mediahint.support\/support\/es\/wp-json\/wp\/v2\/comments?post=1726"}],"version-history":[{"count":0,"href":"http:\/\/mediahint.support\/support\/es\/wp-json\/wp\/v2\/pages\/1726\/revisions"}],"wp:attachment":[{"href":"http:\/\/mediahint.support\/support\/es\/wp-json\/wp\/v2\/media?parent=1726"}],"curies":[{"name":"wp","href":"https:\/\/api.w.org\/{rel}","templated":true}]}}