{"id":767,"date":"2014-06-25T18:34:50","date_gmt":"2014-06-25T22:34:50","guid":{"rendered":"https:\/\/mediahint.com\/support\/guias-de-instalacion"},"modified":"2014-12-23T15:10:29","modified_gmt":"2014-12-23T19:10:29","slug":"guias-de-instalacion","status":"publish","type":"page","link":"http:\/\/mediahint.support\/support\/es\/guias-de-instalacion","title":{"rendered":"Gu\u00edas de instalaci\u00f3n"},"content":{"rendered":"<p>Revise las gu\u00edas localizadas abajo para obtener instrucciones de como instalar y usar Media Hint.<\/p>\n<h3 class=\"subhead\">Navegadores<\/h3>\n<div class=\"devicepost\"><div class=\"display-posts-listing\"><div class=\"listing-item\"><a class=\"image\" href=\"http:\/\/mediahint.support\/support\/es\/ajustes\/navegadores\/chrome\"><img loading=\"lazy\" decoding=\"async\" width=\"300\" height=\"168\" src=\"http:\/\/mediahint.support\/support\/wp-content\/uploads\/2014\/07\/chrome-300x168.jpg\" class=\"attachment-medium size-medium wp-post-image\" alt=\"\" srcset=\"http:\/\/mediahint.support\/support\/wp-content\/uploads\/2014\/07\/chrome-300x168.jpg 300w, http:\/\/mediahint.support\/support\/wp-content\/uploads\/2014\/07\/chrome-160x90.jpg 160w, http:\/\/mediahint.support\/support\/wp-content\/uploads\/2014\/07\/chrome.jpg 320w\" sizes=\"auto, (max-width: 300px) 100vw, 300px\" \/><\/a> <a class=\"title\" href=\"http:\/\/mediahint.support\/support\/es\/ajustes\/navegadores\/chrome\">Chrome<\/a><\/div><div class=\"listing-item\"><a class=\"image\" href=\"http:\/\/mediahint.support\/support\/es\/ajustes\/navegadores\/firefox\"><img loading=\"lazy\" decoding=\"async\" width=\"300\" height=\"168\" src=\"http:\/\/mediahint.support\/support\/wp-content\/uploads\/2014\/07\/firefox-300x168.jpg\" class=\"attachment-medium size-medium wp-post-image\" alt=\"\" srcset=\"http:\/\/mediahint.support\/support\/wp-content\/uploads\/2014\/07\/firefox-300x168.jpg 300w, http:\/\/mediahint.support\/support\/wp-content\/uploads\/2014\/07\/firefox-160x90.jpg 160w, http:\/\/mediahint.support\/support\/wp-content\/uploads\/2014\/07\/firefox.jpg 320w\" sizes=\"auto, (max-width: 300px) 100vw, 300px\" \/><\/a> <a class=\"title\" href=\"http:\/\/mediahint.support\/support\/es\/ajustes\/navegadores\/firefox\">Firefox<\/a><\/div><\/div><div class=\"display-posts-listing\"><div class=\"listing-item\"><a class=\"image\" href=\"http:\/\/mediahint.support\/support\/es\/ajustes\/mac-3\"><img loading=\"lazy\" decoding=\"async\" width=\"300\" height=\"168\" src=\"http:\/\/mediahint.support\/support\/wp-content\/uploads\/2014\/12\/mac-300x168.jpg\" class=\"attachment-medium size-medium wp-post-image\" alt=\"\" srcset=\"http:\/\/mediahint.support\/support\/wp-content\/uploads\/2014\/12\/mac-300x168.jpg 300w, http:\/\/mediahint.support\/support\/wp-content\/uploads\/2014\/12\/mac-160x90.jpg 160w, http:\/\/mediahint.support\/support\/wp-content\/uploads\/2014\/12\/mac.jpg 320w\" sizes=\"auto, (max-width: 300px) 100vw, 300px\" \/><\/a> <a class=\"title\" href=\"http:\/\/mediahint.support\/support\/es\/ajustes\/mac-3\">Mac<\/a><\/div><div class=\"listing-item\"><a class=\"image\" href=\"\/es\/comienza-a-utilizar-mediahint-para-windows\"><img loading=\"lazy\" decoding=\"async\" width=\"300\" height=\"168\" src=\"http:\/\/mediahint.support\/support\/wp-content\/uploads\/2014\/12\/windows-300x168.jpg\" class=\"attachment-medium size-medium wp-post-image\" alt=\"\" srcset=\"http:\/\/mediahint.support\/support\/wp-content\/uploads\/2014\/12\/windows-300x168.jpg 300w, http:\/\/mediahint.support\/support\/wp-content\/uploads\/2014\/12\/windows-160x90.jpg 160w, http:\/\/mediahint.support\/support\/wp-content\/uploads\/2014\/12\/windows.jpg 320w\" sizes=\"auto, (max-width: 300px) 100vw, 300px\" \/><\/a> <a class=\"title\" href=\"\/es\/comienza-a-utilizar-mediahint-para-windows\">Windows<\/a><\/div><\/div><\/div>\n<p>&nbsp;<\/p>\n<p>&nbsp;<\/p>\n<div class=\"clearing\">\n<hr \/>\n<\/div>\n<p>&nbsp;<\/p>\n<h3><span style=\"color: #9dca3c;\">Pr\u00f3ximamente\u00a0<\/span>&#8211; Soporte Adicional Para Equipos<\/h3>\n<div class=\"devicepost\">Estamos trabajando para agregar soporte a una variedad de equipos, as\u00ed podr\u00eda acceder al Internet con Media Hint en aun mas lugares. Revise constantemente ya que estaremos agregando actualizaciones sobre equipos adicionales muy pronto. \u00bfEsta interesado en ayudarnos a probar Media Hint en sus equipos favoritos? Suscr\u00edbete aqu\u00ed para ser parte de la liberaci\u00f3n Beta cuando estemos listos.<\/p>\n<div id=\"vfb-form-2\" class=\"visual-form-builder-container\"><form id=\"join-device-beta-test-2\" class=\"visual-form-builder vfb-form-2 \" method=\"post\" enctype=\"multipart\/form-data\">\n\t  \t<input type=\"hidden\" name=\"form_id\" value=\"2\" \/><fieldset class=\"vfb-fieldset vfb-fieldset-1 join-the-invite-list-for-beta-release \" id=\"item-vfb-11\"><div class=\"vfb-legend\"><h3>Join the Invite List for Beta Release<\/h3><\/div><ul class=\"vfb-section vfb-section-1\"><li class=\"vfb-item vfb-item-text  \" id=\"item-vfb-30\"><label for=\"vfb-30\" class=\"vfb-desc\">Your Name  <span class=\"vfb-required-asterisk\">*<\/span><\/label><input type=\"text\" name=\"vfb-30\" id=\"vfb-30\" value=\"\" class=\"vfb-text  vfb-medium  required  \" \/><\/li><li class=\"vfb-item vfb-item-email  \" id=\"item-vfb-19\"><label for=\"vfb-19\" class=\"vfb-desc\">Your Email Address  <span class=\"vfb-required-asterisk\">*<\/span><\/label><input type=\"email\" name=\"vfb-19\" id=\"vfb-19\" value=\"\" class=\"vfb-text  vfb-medium  required  email \" \/><\/li><li class=\"vfb-item vfb-item-text  \" id=\"item-vfb-20\"><label for=\"vfb-20\" class=\"vfb-desc\">What type of device do you have that you would like MediaHint to expand to? <\/label><input type=\"text\" name=\"vfb-20\" id=\"vfb-20\" value=\"\" class=\"vfb-text  vfb-medium   \" \/><\/li><li class=\"vfb-item vfb-item-textarea  \" id=\"item-vfb-18\"><label for=\"vfb-18\" class=\"vfb-desc\">Additional questions or comments: <\/label><div><textarea name=\"vfb-18\" id=\"vfb-18\" class=\"vfb-textarea  vfb-medium  \"><\/textarea><\/div><\/li><\/ul>&nbsp;<\/fieldset><fieldset class=\"vfb-fieldset vfb-fieldset-2 please-verify-youre-human-then-submit-your-request \" id=\"item-vfb-12\" style=\"display:block\"><div class=\"vfb-legend\"><h3>Please verify you&#039;re human, then submit your request.<\/h3><\/div><ul class=\"vfb-section vfb-section-2\"><li class=\"vfb-item vfb-item-secret\"  style=\"display:block\"><label for=\"vfb-13\" class=\"vfb-desc\">Please enter any two digits <span class=\"vfb-required-asterisk\">*<\/span><\/label><input type=\"hidden\" name=\"_vfb-secret\" value=\"vfb-13\" \/><span class=\"vfb-span\"><input type=\"text\" name=\"vfb-13\" id=\"vfb-13\" value=\"\" class=\"vfb-text  vfb-medium  required {digits:true,maxlength:2,minlength:2} \" style=\"display:block\" \/><label>Example: 12<\/label><\/span><li style=\"display:none;\"><label>Esta caja es para protecci\u00f3n contra el spam - &lt;strong&gt;por favor d\u00e9jalo en blanco&lt;\/strong&gt;:<\/label><div><input name=\"vfb-spam\" \/><\/div><\/li>\n\t\t\t<li class=\"vfb-item vfb-item-submit\" id=\"item-vfb-14\">\n\t\t\t\t<input type=\"submit\" name=\"vfb-submit\" id=\"vfb-14\" value=\"Submit\" class=\"vfb-submit \" \/>\n\t\t\t\t<\/li><\/ul>\n\t\t\t<\/fieldset><input type=\"hidden\" name=\"_wp_http_referer\" value=\"\/support\/es\/wp-json\/wp\/v2\/pages\/767\" \/><\/form><\/div> <!-- .visual-form-builder-container -->\n&nbsp;<\/p>\n<p><img loading=\"lazy\" decoding=\"async\" class=\"aligncenter size-full wp-image-643\" src=\"https:\/\/mediahint.com\/support\/wp-content\/uploads\/2014\/06\/devices_comingsoon.jpg\" alt=\"devices_comingsoon\" width=\"1393\" height=\"1795\" srcset=\"http:\/\/mediahint.support\/support\/wp-content\/uploads\/2014\/06\/devices_comingsoon.jpg 1393w, http:\/\/mediahint.support\/support\/wp-content\/uploads\/2014\/06\/devices_comingsoon-232x300.jpg 232w, http:\/\/mediahint.support\/support\/wp-content\/uploads\/2014\/06\/devices_comingsoon-794x1024.jpg 794w\" sizes=\"auto, (max-width: 1393px) 100vw, 1393px\" \/><\/div>\n","protected":false},"excerpt":{"rendered":"<p>Revise las gu\u00edas localizadas abajo para obtener instrucciones de como instalar y usar Media Hint. Navegadores &nbsp; &nbsp; &nbsp; Pr\u00f3ximamente\u00a0&#8211; Soporte Adicional Para Equipos Estamos trabajando para agregar soporte a una variedad de equipos, as\u00ed podr\u00eda acceder al Internet con Media Hint en aun mas lugares. Revise constantemente ya que estaremos agregando actualizaciones sobre equipos [&hellip;]<\/p>\n","protected":false},"author":1,"featured_media":0,"parent":0,"menu_order":0,"comment_status":"open","ping_status":"open","template":"template-full-width.php","meta":{"footnotes":"","_links_to":"","_links_to_target":""},"class_list":["post-767","page","type-page","status-publish","hentry"],"yoast_head":"<!-- This site is optimized with the Yoast SEO plugin v27.2 - https:\/\/yoast.com\/product\/yoast-seo-wordpress\/ -->\n<title>Gu\u00edas de instalaci\u00f3n - Media Hint Support<\/title>\n<meta name=\"robots\" content=\"index, follow, max-snippet:-1, max-image-preview:large, max-video-preview:-1\" \/>\n<link rel=\"canonical\" href=\"https:\/\/mediahint.support\/support\/es\/guias-de-instalacion\" \/>\n<meta property=\"og:locale\" content=\"es_ES\" \/>\n<meta property=\"og:type\" content=\"article\" \/>\n<meta property=\"og:title\" content=\"Gu\u00edas de instalaci\u00f3n - Media Hint Support\" \/>\n<meta property=\"og:description\" content=\"Revise las gu\u00edas localizadas abajo para obtener instrucciones de como instalar y usar Media Hint. Navegadores &nbsp; &nbsp; &nbsp; Pr\u00f3ximamente\u00a0&#8211; Soporte Adicional Para Equipos Estamos trabajando para agregar soporte a una variedad de equipos, as\u00ed podr\u00eda acceder al Internet con Media Hint en aun mas lugares. Revise constantemente ya que estaremos agregando actualizaciones sobre equipos [&hellip;]\" \/>\n<meta property=\"og:url\" content=\"https:\/\/mediahint.support\/support\/es\/guias-de-instalacion\" \/>\n<meta property=\"og:site_name\" content=\"Media Hint Support\" \/>\n<meta property=\"article:modified_time\" content=\"2014-12-23T19:10:29+00:00\" \/>\n<meta property=\"og:image\" content=\"https:\/\/mediahint.com\/support\/wp-content\/uploads\/2014\/06\/devices_comingsoon.jpg\" \/>\n<meta name=\"twitter:label1\" content=\"Tiempo de lectura\" \/>\n\t<meta name=\"twitter:data1\" content=\"1 minuto\" \/>\n<script type=\"application\/ld+json\" class=\"yoast-schema-graph\">{\"@context\":\"https:\/\/schema.org\",\"@graph\":[{\"@type\":\"WebPage\",\"@id\":\"https:\/\/mediahint.support\/support\/es\/guias-de-instalacion\",\"url\":\"https:\/\/mediahint.support\/support\/es\/guias-de-instalacion\",\"name\":\"Gu\u00edas de instalaci\u00f3n - Media Hint Support\",\"isPartOf\":{\"@id\":\"http:\/\/mediahint.support\/support\/#website\"},\"primaryImageOfPage\":{\"@id\":\"https:\/\/mediahint.support\/support\/es\/guias-de-instalacion#primaryimage\"},\"image\":{\"@id\":\"https:\/\/mediahint.support\/support\/es\/guias-de-instalacion#primaryimage\"},\"thumbnailUrl\":\"https:\/\/mediahint.com\/support\/wp-content\/uploads\/2014\/06\/devices_comingsoon.jpg\",\"datePublished\":\"2014-06-25T22:34:50+00:00\",\"dateModified\":\"2014-12-23T19:10:29+00:00\",\"breadcrumb\":{\"@id\":\"https:\/\/mediahint.support\/support\/es\/guias-de-instalacion#breadcrumb\"},\"inLanguage\":\"es\",\"potentialAction\":[{\"@type\":\"ReadAction\",\"target\":[\"https:\/\/mediahint.support\/support\/es\/guias-de-instalacion\"]}]},{\"@type\":\"ImageObject\",\"inLanguage\":\"es\",\"@id\":\"https:\/\/mediahint.support\/support\/es\/guias-de-instalacion#primaryimage\",\"url\":\"https:\/\/mediahint.com\/support\/wp-content\/uploads\/2014\/06\/devices_comingsoon.jpg\",\"contentUrl\":\"https:\/\/mediahint.com\/support\/wp-content\/uploads\/2014\/06\/devices_comingsoon.jpg\"},{\"@type\":\"BreadcrumbList\",\"@id\":\"https:\/\/mediahint.support\/support\/es\/guias-de-instalacion#breadcrumb\",\"itemListElement\":[{\"@type\":\"ListItem\",\"position\":1,\"name\":\"Home\",\"item\":\"https:\/\/mediahint.support\/support\/es\"},{\"@type\":\"ListItem\",\"position\":2,\"name\":\"Gu\u00edas de instalaci\u00f3n\"}]},{\"@type\":\"WebSite\",\"@id\":\"http:\/\/mediahint.support\/support\/#website\",\"url\":\"http:\/\/mediahint.support\/support\/\",\"name\":\"Media Hint Support\",\"description\":\"\",\"potentialAction\":[{\"@type\":\"SearchAction\",\"target\":{\"@type\":\"EntryPoint\",\"urlTemplate\":\"http:\/\/mediahint.support\/support\/?s={search_term_string}\"},\"query-input\":{\"@type\":\"PropertyValueSpecification\",\"valueRequired\":true,\"valueName\":\"search_term_string\"}}],\"inLanguage\":\"es\"}]}<\/script>\n<!-- \/ Yoast SEO plugin. -->","yoast_head_json":{"title":"Gu\u00edas de instalaci\u00f3n - Media Hint Support","robots":{"index":"index","follow":"follow","max-snippet":"max-snippet:-1","max-image-preview":"max-image-preview:large","max-video-preview":"max-video-preview:-1"},"canonical":"https:\/\/mediahint.support\/support\/es\/guias-de-instalacion","og_locale":"es_ES","og_type":"article","og_title":"Gu\u00edas de instalaci\u00f3n - Media Hint Support","og_description":"Revise las gu\u00edas localizadas abajo para obtener instrucciones de como instalar y usar Media Hint. Navegadores &nbsp; &nbsp; &nbsp; Pr\u00f3ximamente\u00a0&#8211; Soporte Adicional Para Equipos Estamos trabajando para agregar soporte a una variedad de equipos, as\u00ed podr\u00eda acceder al Internet con Media Hint en aun mas lugares. Revise constantemente ya que estaremos agregando actualizaciones sobre equipos [&hellip;]","og_url":"https:\/\/mediahint.support\/support\/es\/guias-de-instalacion","og_site_name":"Media Hint Support","article_modified_time":"2014-12-23T19:10:29+00:00","og_image":[{"url":"https:\/\/mediahint.com\/support\/wp-content\/uploads\/2014\/06\/devices_comingsoon.jpg","type":"","width":"","height":""}],"twitter_misc":{"Tiempo de lectura":"1 minuto"},"schema":{"@context":"https:\/\/schema.org","@graph":[{"@type":"WebPage","@id":"https:\/\/mediahint.support\/support\/es\/guias-de-instalacion","url":"https:\/\/mediahint.support\/support\/es\/guias-de-instalacion","name":"Gu\u00edas de instalaci\u00f3n - Media Hint Support","isPartOf":{"@id":"http:\/\/mediahint.support\/support\/#website"},"primaryImageOfPage":{"@id":"https:\/\/mediahint.support\/support\/es\/guias-de-instalacion#primaryimage"},"image":{"@id":"https:\/\/mediahint.support\/support\/es\/guias-de-instalacion#primaryimage"},"thumbnailUrl":"https:\/\/mediahint.com\/support\/wp-content\/uploads\/2014\/06\/devices_comingsoon.jpg","datePublished":"2014-06-25T22:34:50+00:00","dateModified":"2014-12-23T19:10:29+00:00","breadcrumb":{"@id":"https:\/\/mediahint.support\/support\/es\/guias-de-instalacion#breadcrumb"},"inLanguage":"es","potentialAction":[{"@type":"ReadAction","target":["https:\/\/mediahint.support\/support\/es\/guias-de-instalacion"]}]},{"@type":"ImageObject","inLanguage":"es","@id":"https:\/\/mediahint.support\/support\/es\/guias-de-instalacion#primaryimage","url":"https:\/\/mediahint.com\/support\/wp-content\/uploads\/2014\/06\/devices_comingsoon.jpg","contentUrl":"https:\/\/mediahint.com\/support\/wp-content\/uploads\/2014\/06\/devices_comingsoon.jpg"},{"@type":"BreadcrumbList","@id":"https:\/\/mediahint.support\/support\/es\/guias-de-instalacion#breadcrumb","itemListElement":[{"@type":"ListItem","position":1,"name":"Home","item":"https:\/\/mediahint.support\/support\/es"},{"@type":"ListItem","position":2,"name":"Gu\u00edas de instalaci\u00f3n"}]},{"@type":"WebSite","@id":"http:\/\/mediahint.support\/support\/#website","url":"http:\/\/mediahint.support\/support\/","name":"Media Hint Support","description":"","potentialAction":[{"@type":"SearchAction","target":{"@type":"EntryPoint","urlTemplate":"http:\/\/mediahint.support\/support\/?s={search_term_string}"},"query-input":{"@type":"PropertyValueSpecification","valueRequired":true,"valueName":"search_term_string"}}],"inLanguage":"es"}]}},"_links":{"self":[{"href":"http:\/\/mediahint.support\/support\/es\/wp-json\/wp\/v2\/pages\/767","targetHints":{"allow":["GET"]}}],"collection":[{"href":"http:\/\/mediahint.support\/support\/es\/wp-json\/wp\/v2\/pages"}],"about":[{"href":"http:\/\/mediahint.support\/support\/es\/wp-json\/wp\/v2\/types\/page"}],"author":[{"embeddable":true,"href":"http:\/\/mediahint.support\/support\/es\/wp-json\/wp\/v2\/users\/1"}],"replies":[{"embeddable":true,"href":"http:\/\/mediahint.support\/support\/es\/wp-json\/wp\/v2\/comments?post=767"}],"version-history":[{"count":8,"href":"http:\/\/mediahint.support\/support\/es\/wp-json\/wp\/v2\/pages\/767\/revisions"}],"predecessor-version":[{"id":1779,"href":"http:\/\/mediahint.support\/support\/es\/wp-json\/wp\/v2\/pages\/767\/revisions\/1779"}],"wp:attachment":[{"href":"http:\/\/mediahint.support\/support\/es\/wp-json\/wp\/v2\/media?parent=767"}],"curies":[{"name":"wp","href":"https:\/\/api.w.org\/{rel}","templated":true}]}}