{"id":811,"date":"2014-09-15T13:30:12","date_gmt":"2014-09-15T17:30:12","guid":{"rendered":"https:\/\/mediahint.com\/support\/termos-de-uso"},"modified":"2014-09-15T13:30:12","modified_gmt":"2014-09-15T17:30:12","slug":"termos-de-uso","status":"publish","type":"page","link":"http:\/\/mediahint.support\/support\/pt-br\/termos-de-uso","title":{"rendered":"Termos de Uso"},"content":{"rendered":"<section class=\"docs-header\">\n<h3>Informa\u00e7\u00f5es gerais<\/h3>\n<\/section>\n<section class=\"docs-text\">MediaHint.com fornece servi\u00e7os de servidor proxy acess\u00edveis atrav\u00e9s da extens\u00e3o para navegadores MediaHint (\u201cNosso Software\u201d) e comercializados no nosso site www.MediaHint.com (\u201cNosso Site\u201d), juntos ou separados referidos como \u201cNossos Servi\u00e7os\u201d. Nossos Termos de Uso e Pol\u00edtica de Privacidade se aplicam a qualquer pessoa que acesse Nosso Site (\u201cVisitantes do Nosso Site\u201d) e a qualquer pessoa que baixe ou utilize Nosso Software (\u201cUsu\u00e1rios do Nosso Software\u201d), juntos ou separados referidos como \u201cUsu\u00e1rios dos Nossos Servi\u00e7os\u201d. Nossos Termos de Uso e Pol\u00edtica de Privacidade se aplicam a todos os Usu\u00e1rios dos Nossos Servi\u00e7os. Nossos Termos de Uso (em conjunto com quaisquer documentos referidos neles) regulam o uso dos Nossos Servi\u00e7os assim como nossas responsabilidades e direitos.<\/p>\n<p>Nossa Pol\u00edtica de Privacidade (em conjunto com quaisquer documentos referidos nela) relata todas as maneiras atrav\u00e9s das quais Nosso Site, Nosso Software e Terceiros coletam e utilizam dados dos Usu\u00e1rios do Nosso Software.<\/p>\n<p>Leia cuidadosamente os Termos de Uso e a Pol\u00edtica de Privacidade antes de come\u00e7ar a fazer uso de Nossos Servi\u00e7os.<\/p>\n<p>Ao utilizar Nossos Servi\u00e7os o usu\u00e1rio indica aceitar nossa Pol\u00edtica de Privacidade e nossos Termos de Uso e que concorda em cumpri-los. Se o usu\u00e1rio n\u00e3o concorda com estes termos de Uso ou pol\u00edtica de privacidade, ent\u00e3o n\u00e3o deve utilizar Nossos Servi\u00e7os.<\/p>\n<p>Se houver alguma d\u00favida em rela\u00e7\u00e3o aos Termos de Uso ou pol\u00edtica de Privacidade, \u00e9 poss\u00edvel entrar em contato conosco pelo e-mail (<a href=\"mailto:contact@mediahint.com\">contact@mediahint.com<\/a>).<\/p>\n<hr \/>\n<p>\u00a0<\/p>\n<\/section>\n<section class=\"docs-text\">\n<h3>1 \u00a0\u00a0 USOS PROIBIDOS<\/h3>\n<p>Nossos Servi\u00e7os podem ser utilizados apenas para fins l\u00edcitos. Incluindo, mas n\u00e3o limitado aos seguintes, n\u00e3o se pode usar Nossos Servi\u00e7os:<\/p>\n<ul>\n<li>de qualquer maneira que quebre qualquer lei ou legisla\u00e7\u00e3o local, nacional ou internacional aplic\u00e1vel;<\/li>\n<li>de qualquer maneira que quebre os termos de servi\u00e7o ou quaisquer regulamentos de uso dos sites acessados;<\/li>\n<li>com o objetivo de prejudicar ou de tentar prejudicar menores de qualquer forma;<\/li>\n<li>de qualquer maneira que infrinja prote\u00e7\u00f5es contra v\u00edrus e hackers;<\/li>\n<li>para fazer o upload, publicar, enviar por e-mail ou transmitir de qualquer forma qualquer conte\u00fado que seja direcionado a incitar ou produzir conduta iminente que seja ilegal, prejudicial, amea\u00e7adora, abusiva, ofensiva, tortuosa, difamat\u00f3ria, vulgar, obscena, caluniosa, invasiva da privacidade de outrem, odiosa ou racial, \u00e9tnica ou censur\u00e1vel de alguma forma e \u00e9 suscept\u00edvel a produzir tal conduta;<\/li>\n<li>para personificar qualquer pessoa ou entidade ou deturpar sua afilia\u00e7\u00e3o com uma pessoa ou entidade de qualquer forma;<\/li>\n<li>para forjar cabe\u00e7alhos ou manipular identificadores a fim de disfar\u00e7ar a origem de qualquer conte\u00fado transmitido atrav\u00e9s do sistema;<\/li>\n<li>para fazer upload, publicar, enviar por e-mail ou transmitir qualquer conte\u00fado que infrinja qualquer patente, marca registrada, segredo de neg\u00f3cio, direito autoral ou outros direitos de propriedade de terceiros;<\/li>\n<li>para fazer upload, publicar, enviar por e-mail ou transmitir qualquer publicidade n\u00e3o solicitada ou n\u00e3o autorizada, materiais promocionais, &#8220;lixo eletr\u00f4nico&#8221;, &#8220;spam&#8221;, &#8220;correntes&#8221; ou &#8220;esquemas de pir\u00e2mide&#8221;;<\/li>\n<li>para interferir ou interromper o sistema ou servidores do nosso Site ou de redes ligadas ao sistema do nosso Site, ou desobedecer quaisquer exig\u00eancias, procedimentos, pol\u00edticas ou regulamentos de redes conectadas ao sistema do nosso Site;<\/li>\n<li>para promover ou fornecer informa\u00e7\u00f5es instrutivas sobre atividades ilegais, promover danos f\u00edsicos ou ferimentos contra qualquer grupo ou indiv\u00edduo, ou promover qualquer ato de crueldade contra animais.<\/li>\n<\/ul>\n<h3>2 \u00a0\u00a0 NOSSA RESPONSABILIDADE<\/h3>\n<p>Nossos Servi\u00e7os s\u00e3o fornecidos &#8220;tal como est\u00e1&#8221;, sem quaisquer garantias, condi\u00e7\u00f5es ou fian\u00e7as quanto \u00e0 sua qualidade ou adequa\u00e7\u00e3o para qualquer finalidade espec\u00edfica. Exclu\u00edmos expressamente pelo presente todas as condi\u00e7\u00f5es, garantias e outros termos que poderiam ser influenciados por estatuto, lei comum ou a lei da equidade e n\u00e3o fazem nenhuma representa\u00e7\u00e3o ou garantia, expressa ou impl\u00edcita, quanto \u00e0 precis\u00e3o ou integridade ou qualidade satisfat\u00f3ria ou adequa\u00e7\u00e3o a uma finalidade espec\u00edfica de Nossos Servi\u00e7os. Na medida do permitido por lei, e sujeitos \u00e0s exce\u00e7\u00f5es a seguir, exclu\u00edmos atrav\u00e9s deste a responsabilidade por todas as condi\u00e7\u00f5es, garantias e outros termos que podem estar impl\u00edcitos por estatuto, lei comum ou pela lei da equidade, qualquer perda direta, indireta ou consequente ou danos sofridos por Usu\u00e1rios do Nosso Servi\u00e7o ou qualquer usu\u00e1rio em conex\u00e3o com os Nossos Servi\u00e7os, ou em conex\u00e3o com o uso, incapacidade de uso ou resultados do uso de Nossos Servi\u00e7os, qualquer site ligado a ele e qualquer material publicado nele, incluindo, sem limita\u00e7\u00e3o de qualquer responsabilidade por:<\/p>\n<ul>\n<li>perda de renda ou receita;<\/li>\n<li>perda de neg\u00f3cios;<\/li>\n<li>perda de lucros ou contratos;<\/li>\n<li>perda de economias antecipadas;<\/li>\n<li>perda de dados;<\/li>\n<li>perda de prest\u00edgio;<\/li>\n<li>perda de tempo da ger\u00eancia ou do escrit\u00f3rio; e<\/li>\n<li>por qualquer outra perda ou dano de qualquer tipo, surgida e\/ou causada por ato il\u00edcito (incluindo neglig\u00eancia), viola\u00e7\u00e3o de contrato ou de outra forma, mesmo que razoavelmente previs\u00edvel, desde que essa condi\u00e7\u00e3o n\u00e3o impe\u00e7a reivindica\u00e7\u00f5es por perda de, ou danos aos, seu bens corp\u00f3reos.<\/li>\n<\/ul>\n<h3>3 \u00a0\u00a0 LINKS DE NOSSO SITE<\/h3>\n<p>Onde Nossos Servi\u00e7os possuirem links para outros sites e recursos fornecidos por terceiros, esses links s\u00e3o fornecidos somente para sua informa\u00e7\u00e3o. N\u00f3s n\u00e3o temos nenhum controle sobre o conte\u00fado de tais sites ou recursos e n\u00e3o aceitamos nenhuma responsabilidade ou obriga\u00e7\u00e3o por eles ou por qualquer perda ou dano que possa advir do uso deles.<\/p>\n<h3>4 \u00a0\u00a0 NOSSOS DIREITOS DE ALTERAR ESSES TERMOS E CONDI\u00c7\u00d5ES\/POL\u00cdTICA DE PRIVACIDADE<\/h3>\n<p>Mantemo-nos o direito de revisar estes termos a qualquer momento alterando esta p\u00e1gina. Espera-se que voc\u00ea verifique esta p\u00e1gina de tempos em tempos para tomar conhecimento de quaisquer altera\u00e7\u00f5es que fizermos, j\u00e1 que elas s\u00e3o obrigat\u00f3rias para voc\u00ea. Algumas das disposi\u00e7\u00f5es contidas nestes termos tamb\u00e9m podem ser substitu\u00eddas por disposi\u00e7\u00f5es ou avisos publicados em outros lugares no Nosso Site.<\/p>\n<\/section>\n<section class=\"docs-header\">\n<hr \/>\n<h3><\/h3>\n<h3>Reembolsos<\/h3>\n<\/section>\n<section class=\"docs-text\">Obrigado por apoiar a Media Hint. Se voc\u00ea n\u00e3o estiver completamente satisfeito com sua compra, estamos aqui para ajudar. Voc\u00ea tem 7 dias a partir de quando o servi\u00e7o \u00e9 adquirido a partir da data em que o recebeu. Para ser eleg\u00edvel para um reembolso, voc\u00ea deve nos fornecer seu endere\u00e7o de e-mail e o comprovante de compra.<\/p>\n<p>Assim que recebermos seu pedido, vamos inspecion\u00e1-lo e notific\u00e1-lo, por via eletr\u00f4nica, de que o seu pedido est\u00e1 em conformidade com a nossa pol\u00edtica de reembolso. Vamos notific\u00e1-lo imediatamente sobre o status do seu reembolso uma vez que uma decis\u00e3o tenha sido tomada.<\/p>\n<p>Se o reembolso for aprovado, vamos iniciar um reembolso em seu cart\u00e3o de cr\u00e9dito (ou m\u00e9todo original de pagamento). Voc\u00ea receber\u00e1 o cr\u00e9dito dentro de um determinado per\u00edodo de dias, dependendo da pol\u00edtica do emissor do seu cart\u00e3o.<\/p>\n<p>\u00a0<\/p>\n<h3>Para solicitar um reembolso<\/h3>\n<p>Para solicitar um reembolso, fa\u00e7a o seguinte:<\/p>\n<p>Fa\u00e7a login na sua conta.<\/p>\n<p>Envie uma solicita\u00e7\u00e3o para o suporte atrav\u00e9s do site <a href=\"https:\/\/mediahint.com\/account\">https:\/\/mediahint.com\/account<\/a><\/p>\n<p>No conte\u00fado da solicita\u00e7\u00e3o de suporte indique o seu desejo de reembolso e detalhes de por que voc\u00ea gostaria de interromper o servi\u00e7o.<\/p>\n<p>\u00a0<\/p>\n<h3>Contate-nos<\/h3>\n<p>Se voc\u00ea tiver alguma d\u00favida, entre em contato conosco atrav\u00e9s do link Contact Support na parte inferior de <a href=\"https:\/\/mediahint.com\/account\" target=\"_blank\">https:\/\/mediahint.com\/account.<\/a><\/p>\n<\/section>\n","protected":false},"excerpt":{"rendered":"<p>Informa\u00e7\u00f5es gerais MediaHint.com fornece servi\u00e7os de servidor proxy acess\u00edveis atrav\u00e9s da extens\u00e3o para navegadores MediaHint (\u201cNosso Software\u201d) e comercializados no nosso site www.MediaHint.com (\u201cNosso Site\u201d), juntos ou separados referidos como \u201cNossos Servi\u00e7os\u201d. Nossos Termos de Uso e Pol\u00edtica de Privacidade se aplicam a qualquer pessoa que acesse Nosso Site (\u201cVisitantes do Nosso Site\u201d) e a [&hellip;]<\/p>\n","protected":false},"author":1,"featured_media":0,"parent":0,"menu_order":0,"comment_status":"closed","ping_status":"closed","template":"template-full-width.php","meta":{"footnotes":"","_links_to":"","_links_to_target":""},"class_list":["post-811","page","type-page","status-publish","hentry"],"yoast_head":"<!-- This site is optimized with the Yoast SEO plugin v27.2 - https:\/\/yoast.com\/product\/yoast-seo-wordpress\/ -->\n<title>Termos de Uso - Media Hint Support<\/title>\n<meta name=\"robots\" content=\"index, follow, max-snippet:-1, max-image-preview:large, max-video-preview:-1\" \/>\n<link rel=\"canonical\" href=\"http:\/\/mediahint.support\/support\/pt-br\/termos-de-uso\" \/>\n<meta property=\"og:locale\" content=\"pt_BR\" \/>\n<meta property=\"og:type\" content=\"article\" \/>\n<meta property=\"og:title\" content=\"Termos de Uso - Media Hint Support\" \/>\n<meta property=\"og:description\" content=\"Informa\u00e7\u00f5es gerais MediaHint.com fornece servi\u00e7os de servidor proxy acess\u00edveis atrav\u00e9s da extens\u00e3o para navegadores MediaHint (\u201cNosso Software\u201d) e comercializados no nosso site www.MediaHint.com (\u201cNosso Site\u201d), juntos ou separados referidos como \u201cNossos Servi\u00e7os\u201d. Nossos Termos de Uso e Pol\u00edtica de Privacidade se aplicam a qualquer pessoa que acesse Nosso Site (\u201cVisitantes do Nosso Site\u201d) e a [&hellip;]\" \/>\n<meta property=\"og:url\" content=\"http:\/\/mediahint.support\/support\/pt-br\/termos-de-uso\" \/>\n<meta property=\"og:site_name\" content=\"Media Hint Support\" \/>\n<meta name=\"twitter:label1\" content=\"Est. tempo de leitura\" \/>\n\t<meta name=\"twitter:data1\" content=\"6 minutos\" \/>\n<script type=\"application\/ld+json\" class=\"yoast-schema-graph\">{\"@context\":\"https:\/\/schema.org\",\"@graph\":[{\"@type\":\"WebPage\",\"@id\":\"http:\/\/mediahint.support\/support\/pt-br\/termos-de-uso\",\"url\":\"http:\/\/mediahint.support\/support\/pt-br\/termos-de-uso\",\"name\":\"Termos de Uso - Media Hint Support\",\"isPartOf\":{\"@id\":\"http:\/\/mediahint.support\/support\/#website\"},\"datePublished\":\"2014-09-15T17:30:12+00:00\",\"breadcrumb\":{\"@id\":\"http:\/\/mediahint.support\/support\/pt-br\/termos-de-uso#breadcrumb\"},\"inLanguage\":\"pt-BR\",\"potentialAction\":[{\"@type\":\"ReadAction\",\"target\":[\"http:\/\/mediahint.support\/support\/pt-br\/termos-de-uso\"]}]},{\"@type\":\"BreadcrumbList\",\"@id\":\"http:\/\/mediahint.support\/support\/pt-br\/termos-de-uso#breadcrumb\",\"itemListElement\":[{\"@type\":\"ListItem\",\"position\":1,\"name\":\"Home\",\"item\":\"http:\/\/mediahint.support\/support\/pt-br\"},{\"@type\":\"ListItem\",\"position\":2,\"name\":\"Termos de Uso\"}]},{\"@type\":\"WebSite\",\"@id\":\"http:\/\/mediahint.support\/support\/#website\",\"url\":\"http:\/\/mediahint.support\/support\/\",\"name\":\"Media Hint Support\",\"description\":\"\",\"potentialAction\":[{\"@type\":\"SearchAction\",\"target\":{\"@type\":\"EntryPoint\",\"urlTemplate\":\"http:\/\/mediahint.support\/support\/?s={search_term_string}\"},\"query-input\":{\"@type\":\"PropertyValueSpecification\",\"valueRequired\":true,\"valueName\":\"search_term_string\"}}],\"inLanguage\":\"pt-BR\"}]}<\/script>\n<!-- \/ Yoast SEO plugin. -->","yoast_head_json":{"title":"Termos de Uso - Media Hint Support","robots":{"index":"index","follow":"follow","max-snippet":"max-snippet:-1","max-image-preview":"max-image-preview:large","max-video-preview":"max-video-preview:-1"},"canonical":"http:\/\/mediahint.support\/support\/pt-br\/termos-de-uso","og_locale":"pt_BR","og_type":"article","og_title":"Termos de Uso - Media Hint Support","og_description":"Informa\u00e7\u00f5es gerais MediaHint.com fornece servi\u00e7os de servidor proxy acess\u00edveis atrav\u00e9s da extens\u00e3o para navegadores MediaHint (\u201cNosso Software\u201d) e comercializados no nosso site www.MediaHint.com (\u201cNosso Site\u201d), juntos ou separados referidos como \u201cNossos Servi\u00e7os\u201d. Nossos Termos de Uso e Pol\u00edtica de Privacidade se aplicam a qualquer pessoa que acesse Nosso Site (\u201cVisitantes do Nosso Site\u201d) e a [&hellip;]","og_url":"http:\/\/mediahint.support\/support\/pt-br\/termos-de-uso","og_site_name":"Media Hint Support","twitter_misc":{"Est. tempo de leitura":"6 minutos"},"schema":{"@context":"https:\/\/schema.org","@graph":[{"@type":"WebPage","@id":"http:\/\/mediahint.support\/support\/pt-br\/termos-de-uso","url":"http:\/\/mediahint.support\/support\/pt-br\/termos-de-uso","name":"Termos de Uso - Media Hint Support","isPartOf":{"@id":"http:\/\/mediahint.support\/support\/#website"},"datePublished":"2014-09-15T17:30:12+00:00","breadcrumb":{"@id":"http:\/\/mediahint.support\/support\/pt-br\/termos-de-uso#breadcrumb"},"inLanguage":"pt-BR","potentialAction":[{"@type":"ReadAction","target":["http:\/\/mediahint.support\/support\/pt-br\/termos-de-uso"]}]},{"@type":"BreadcrumbList","@id":"http:\/\/mediahint.support\/support\/pt-br\/termos-de-uso#breadcrumb","itemListElement":[{"@type":"ListItem","position":1,"name":"Home","item":"http:\/\/mediahint.support\/support\/pt-br"},{"@type":"ListItem","position":2,"name":"Termos de Uso"}]},{"@type":"WebSite","@id":"http:\/\/mediahint.support\/support\/#website","url":"http:\/\/mediahint.support\/support\/","name":"Media Hint Support","description":"","potentialAction":[{"@type":"SearchAction","target":{"@type":"EntryPoint","urlTemplate":"http:\/\/mediahint.support\/support\/?s={search_term_string}"},"query-input":{"@type":"PropertyValueSpecification","valueRequired":true,"valueName":"search_term_string"}}],"inLanguage":"pt-BR"}]}},"_links":{"self":[{"href":"http:\/\/mediahint.support\/support\/pt-br\/wp-json\/wp\/v2\/pages\/811","targetHints":{"allow":["GET"]}}],"collection":[{"href":"http:\/\/mediahint.support\/support\/pt-br\/wp-json\/wp\/v2\/pages"}],"about":[{"href":"http:\/\/mediahint.support\/support\/pt-br\/wp-json\/wp\/v2\/types\/page"}],"author":[{"embeddable":true,"href":"http:\/\/mediahint.support\/support\/pt-br\/wp-json\/wp\/v2\/users\/1"}],"replies":[{"embeddable":true,"href":"http:\/\/mediahint.support\/support\/pt-br\/wp-json\/wp\/v2\/comments?post=811"}],"version-history":[{"count":0,"href":"http:\/\/mediahint.support\/support\/pt-br\/wp-json\/wp\/v2\/pages\/811\/revisions"}],"wp:attachment":[{"href":"http:\/\/mediahint.support\/support\/pt-br\/wp-json\/wp\/v2\/media?parent=811"}],"curies":[{"name":"wp","href":"https:\/\/api.w.org\/{rel}","templated":true}]}}