{"id":1713,"date":"2014-10-03T15:08:14","date_gmt":"2014-10-03T19:08:14","guid":{"rendered":"https:\/\/mediahint.com\/support\/empleos"},"modified":"2014-10-03T15:08:14","modified_gmt":"2014-10-03T19:08:14","slug":"empleos","status":"publish","type":"page","link":"https:\/\/mediahint.support\/support\/es\/empleos","title":{"rendered":"Empleos"},"content":{"rendered":"<p><img loading=\"lazy\" decoding=\"async\" class=\"aligncenter size-full wp-image-687\" src=\"https:\/\/mediahint.com\/support\/wp-content\/uploads\/2014\/10\/jobs_header1.jpg\" alt=\"\" width=\"1200\" height=\"300\" srcset=\"https:\/\/mediahint.support\/support\/wp-content\/uploads\/2014\/10\/jobs_header1.jpg 1200w, https:\/\/mediahint.support\/support\/wp-content\/uploads\/2014\/10\/jobs_header1-300x75.jpg 300w, https:\/\/mediahint.support\/support\/wp-content\/uploads\/2014\/10\/jobs_header1-1024x256.jpg 1024w\" sizes=\"auto, (max-width: 1200px) 100vw, 1200px\" \/><\/p>\n<p>\u00a0<\/p>\n<div class=\"su-row\">\n<div class=\"su-column su-column-size-1-3\"><div class=\"su-column-inner su-u-clearfix su-u-trim\">\n<h1 style=\"text-align: center;\"><span style=\"color: #9dca3c;\">Explorar<\/span><\/h1>\n<p>Internet es grande, y nuestro objetivo es hacerla m\u00e1s grande aun. Somos un equipo innovador que explora las fronteras de la Web y las desplaza.\u00a0 <\/div><\/div>\n<div class=\"su-column su-column-size-1-3\"><div class=\"su-column-inner su-u-clearfix su-u-trim\">\n<h1 style=\"text-align: center;\"><span style=\"color: #0084b4;\">Desarrollar<\/span><\/h1>\n<p>Somos la clase de empresa que t\u00edpicamente suscita el pensamiento \u201che estado all\u00ed, he hecho eso\u201d. Estamos buscando personas que puedan ayudarnos a desarrollar nuevas ideas y resolver problemas con creatividad y eficiencia.\u00a0 <\/div><\/div>\n<div class=\"su-column su-column-size-1-3\"><div class=\"su-column-inner su-u-clearfix su-u-trim\">\n<h1 style=\"text-align: center;\"><span style=\"color: #d91f45;\">Crecer<\/span><\/h1>\n<p>Somos un grupo peque\u00f1o, pero estamos creciendo r\u00e1pido. Desarrollamos, probamos a implementamos nuevas caracter\u00edsticas todos los d\u00edas; por ello, buscamos un grupo de miembros que nos ayuden a crecer junto a nuestra comunidad de usuarios en expansi\u00f3n.\u00a0 <\/div><\/div>\n<\/div>\n<p>\u00a0<\/p>\n<hr \/>\n<p><img loading=\"lazy\" decoding=\"async\" class=\"aligncenter size-full wp-image-688\" src=\"https:\/\/mediahint.com\/support\/wp-content\/uploads\/2014\/10\/jobs_anywhere.jpg\" alt=\"\" width=\"1200\" height=\"160\" srcset=\"https:\/\/mediahint.support\/support\/wp-content\/uploads\/2014\/10\/jobs_anywhere.jpg 1200w, https:\/\/mediahint.support\/support\/wp-content\/uploads\/2014\/10\/jobs_anywhere-300x40.jpg 300w, https:\/\/mediahint.support\/support\/wp-content\/uploads\/2014\/10\/jobs_anywhere-1024x136.jpg 1024w\" sizes=\"auto, (max-width: 1200px) 100vw, 1200px\" \/><\/p>\n<p>\u00a0<\/p>\n<h2><span style=\"color: #0084b4;\">Desarrollador<\/span><\/h2>\n<h4>Descripci\u00f3n:<\/h4>\n<p>Estamos buscando un desarrollador de excelencia que asuma la responsabilidad de trabajar en varios aspectos de un proxy como aplicaci\u00f3n de servicio.<\/p>\n<h4>Responsabilidades:<\/h4>\n<ul>\n<li>Utilizando las mejores pr\u00e1cticas de desarrollo de software, redactar c\u00f3digos bien dise\u00f1ados que puedan someterse a pruebas y sean eficaces.<\/li>\n<li>Recopilar y refinar especificaciones y requisitos seg\u00fan las necesidades t\u00e9cnicas.<\/li>\n<li>Crear software y llevar adelante su mantenimiento.<\/li>\n<li>Responsabilizarse por el mantenimiento, la expansi\u00f3n y el escalamiento de nuestro servicio.<\/li>\n<li>Estar al tanto de las tecnolog\u00edas emergentes y las tendencias industriales, y aplicarlas a las operaciones y actividades de la empresa.<\/li>\n<li>Cooperar y colaborar con los miembros de los equipos en lo que respecta a la visi\u00f3n del producto.<\/li>\n<\/ul>\n<h4>Requisitos<\/h4>\n<ul>\n<li>Vasto conocimiento de Linux.<\/li>\n<li>Experiencia en MongoDB<\/li>\n<li>Conocimiento amplio de DNS, HA Proxy, SSL y Squid.<\/li>\n<li>S\u00f3lida noci\u00f3n del funcionamiento de las aplicaciones web, incluidas la seguridad, la administraci\u00f3n de sesiones y las mejores pr\u00e1cticas de desarrollo.<\/li>\n<li>Experiencia pr\u00e1ctica con herramientas de diagn\u00f3stico y an\u00e1lisis de redes, como Tcpdump y Wireshark.<\/li>\n<li>Capacidad de diagn\u00f3stico en\u00e9rgico y soluci\u00f3n creativa de problemas.<\/li>\n<li>Capacidades organizativas s\u00f3lidas y aptitud para realizar varias tareas con limitaciones de tiempo.<\/li>\n<li>Capacidad para trabajar y desarrollarse en un entorno de ritmo veloz, para aprender r\u00e1pido y para dominar nuevas tecnolog\u00edas.<\/li>\n<\/ul>\n<p>Flexibilidad respecto de la ubicaci\u00f3n y del horario de trabajo. Salario conforme a la experiencia. Env\u00edanos tu curr\u00edculo a <a href=\"mailto:careers@mhgs.co\" target=\"_blank\">careers@mhgs.co<\/a>.<\/p>\n","protected":false},"excerpt":{"rendered":"<p>\u00a0 \u00a0 \u00a0 Desarrollador Descripci\u00f3n: Estamos buscando un desarrollador de excelencia que asuma la responsabilidad de trabajar en varios aspectos de un proxy como aplicaci\u00f3n de servicio. Responsabilidades: Utilizando las mejores pr\u00e1cticas de desarrollo de software, redactar c\u00f3digos bien dise\u00f1ados que puedan someterse a pruebas y sean eficaces. Recopilar y refinar especificaciones y requisitos seg\u00fan [&hellip;]<\/p>\n","protected":false},"author":1,"featured_media":0,"parent":0,"menu_order":0,"comment_status":"closed","ping_status":"closed","template":"template-full-width.php","meta":{"footnotes":"","_links_to":"","_links_to_target":""},"class_list":["post-1713","page","type-page","status-publish","hentry"],"yoast_head":"<!-- This site is optimized with the Yoast SEO plugin v27.2 - https:\/\/yoast.com\/product\/yoast-seo-wordpress\/ -->\n<title>Empleos - Media Hint Support<\/title>\n<meta name=\"robots\" content=\"index, follow, max-snippet:-1, max-image-preview:large, max-video-preview:-1\" \/>\n<link rel=\"canonical\" href=\"https:\/\/mediahint.support\/support\/es\/empleos\" \/>\n<meta property=\"og:locale\" content=\"es_ES\" \/>\n<meta property=\"og:type\" content=\"article\" \/>\n<meta property=\"og:title\" content=\"Empleos - Media Hint Support\" \/>\n<meta property=\"og:description\" content=\"\u00a0 \u00a0 \u00a0 Desarrollador Descripci\u00f3n: Estamos buscando un desarrollador de excelencia que asuma la responsabilidad de trabajar en varios aspectos de un proxy como aplicaci\u00f3n de servicio. Responsabilidades: Utilizando las mejores pr\u00e1cticas de desarrollo de software, redactar c\u00f3digos bien dise\u00f1ados que puedan someterse a pruebas y sean eficaces. Recopilar y refinar especificaciones y requisitos seg\u00fan [&hellip;]\" \/>\n<meta property=\"og:url\" content=\"https:\/\/mediahint.support\/support\/es\/empleos\" \/>\n<meta property=\"og:site_name\" content=\"Media Hint Support\" \/>\n<meta property=\"og:image\" content=\"https:\/\/mediahint.com\/support\/wp-content\/uploads\/2014\/10\/jobs_header1.jpg\" \/>\n<meta name=\"twitter:label1\" content=\"Tiempo de lectura\" \/>\n\t<meta name=\"twitter:data1\" content=\"2 minutos\" \/>\n<script type=\"application\/ld+json\" class=\"yoast-schema-graph\">{\"@context\":\"https:\/\/schema.org\",\"@graph\":[{\"@type\":\"WebPage\",\"@id\":\"https:\/\/mediahint.support\/support\/es\/empleos\",\"url\":\"https:\/\/mediahint.support\/support\/es\/empleos\",\"name\":\"Empleos - Media Hint Support\",\"isPartOf\":{\"@id\":\"http:\/\/mediahint.support\/support\/#website\"},\"primaryImageOfPage\":{\"@id\":\"https:\/\/mediahint.support\/support\/es\/empleos#primaryimage\"},\"image\":{\"@id\":\"https:\/\/mediahint.support\/support\/es\/empleos#primaryimage\"},\"thumbnailUrl\":\"https:\/\/mediahint.com\/support\/wp-content\/uploads\/2014\/10\/jobs_header1.jpg\",\"datePublished\":\"2014-10-03T19:08:14+00:00\",\"breadcrumb\":{\"@id\":\"https:\/\/mediahint.support\/support\/es\/empleos#breadcrumb\"},\"inLanguage\":\"es\",\"potentialAction\":[{\"@type\":\"ReadAction\",\"target\":[\"https:\/\/mediahint.support\/support\/es\/empleos\"]}]},{\"@type\":\"ImageObject\",\"inLanguage\":\"es\",\"@id\":\"https:\/\/mediahint.support\/support\/es\/empleos#primaryimage\",\"url\":\"https:\/\/mediahint.com\/support\/wp-content\/uploads\/2014\/10\/jobs_header1.jpg\",\"contentUrl\":\"https:\/\/mediahint.com\/support\/wp-content\/uploads\/2014\/10\/jobs_header1.jpg\"},{\"@type\":\"BreadcrumbList\",\"@id\":\"https:\/\/mediahint.support\/support\/es\/empleos#breadcrumb\",\"itemListElement\":[{\"@type\":\"ListItem\",\"position\":1,\"name\":\"Home\",\"item\":\"http:\/\/mediahint.support\/support\/es\"},{\"@type\":\"ListItem\",\"position\":2,\"name\":\"Empleos\"}]},{\"@type\":\"WebSite\",\"@id\":\"http:\/\/mediahint.support\/support\/#website\",\"url\":\"http:\/\/mediahint.support\/support\/\",\"name\":\"Media Hint Support\",\"description\":\"\",\"potentialAction\":[{\"@type\":\"SearchAction\",\"target\":{\"@type\":\"EntryPoint\",\"urlTemplate\":\"http:\/\/mediahint.support\/support\/?s={search_term_string}\"},\"query-input\":{\"@type\":\"PropertyValueSpecification\",\"valueRequired\":true,\"valueName\":\"search_term_string\"}}],\"inLanguage\":\"es\"}]}<\/script>\n<!-- \/ Yoast SEO plugin. -->","yoast_head_json":{"title":"Empleos - Media Hint Support","robots":{"index":"index","follow":"follow","max-snippet":"max-snippet:-1","max-image-preview":"max-image-preview:large","max-video-preview":"max-video-preview:-1"},"canonical":"https:\/\/mediahint.support\/support\/es\/empleos","og_locale":"es_ES","og_type":"article","og_title":"Empleos - Media Hint Support","og_description":"\u00a0 \u00a0 \u00a0 Desarrollador Descripci\u00f3n: Estamos buscando un desarrollador de excelencia que asuma la responsabilidad de trabajar en varios aspectos de un proxy como aplicaci\u00f3n de servicio. Responsabilidades: Utilizando las mejores pr\u00e1cticas de desarrollo de software, redactar c\u00f3digos bien dise\u00f1ados que puedan someterse a pruebas y sean eficaces. Recopilar y refinar especificaciones y requisitos seg\u00fan [&hellip;]","og_url":"https:\/\/mediahint.support\/support\/es\/empleos","og_site_name":"Media Hint Support","og_image":[{"url":"https:\/\/mediahint.com\/support\/wp-content\/uploads\/2014\/10\/jobs_header1.jpg","type":"","width":"","height":""}],"twitter_misc":{"Tiempo de lectura":"2 minutos"},"schema":{"@context":"https:\/\/schema.org","@graph":[{"@type":"WebPage","@id":"https:\/\/mediahint.support\/support\/es\/empleos","url":"https:\/\/mediahint.support\/support\/es\/empleos","name":"Empleos - Media Hint Support","isPartOf":{"@id":"http:\/\/mediahint.support\/support\/#website"},"primaryImageOfPage":{"@id":"https:\/\/mediahint.support\/support\/es\/empleos#primaryimage"},"image":{"@id":"https:\/\/mediahint.support\/support\/es\/empleos#primaryimage"},"thumbnailUrl":"https:\/\/mediahint.com\/support\/wp-content\/uploads\/2014\/10\/jobs_header1.jpg","datePublished":"2014-10-03T19:08:14+00:00","breadcrumb":{"@id":"https:\/\/mediahint.support\/support\/es\/empleos#breadcrumb"},"inLanguage":"es","potentialAction":[{"@type":"ReadAction","target":["https:\/\/mediahint.support\/support\/es\/empleos"]}]},{"@type":"ImageObject","inLanguage":"es","@id":"https:\/\/mediahint.support\/support\/es\/empleos#primaryimage","url":"https:\/\/mediahint.com\/support\/wp-content\/uploads\/2014\/10\/jobs_header1.jpg","contentUrl":"https:\/\/mediahint.com\/support\/wp-content\/uploads\/2014\/10\/jobs_header1.jpg"},{"@type":"BreadcrumbList","@id":"https:\/\/mediahint.support\/support\/es\/empleos#breadcrumb","itemListElement":[{"@type":"ListItem","position":1,"name":"Home","item":"http:\/\/mediahint.support\/support\/es"},{"@type":"ListItem","position":2,"name":"Empleos"}]},{"@type":"WebSite","@id":"http:\/\/mediahint.support\/support\/#website","url":"http:\/\/mediahint.support\/support\/","name":"Media Hint Support","description":"","potentialAction":[{"@type":"SearchAction","target":{"@type":"EntryPoint","urlTemplate":"http:\/\/mediahint.support\/support\/?s={search_term_string}"},"query-input":{"@type":"PropertyValueSpecification","valueRequired":true,"valueName":"search_term_string"}}],"inLanguage":"es"}]}},"_links":{"self":[{"href":"https:\/\/mediahint.support\/support\/es\/wp-json\/wp\/v2\/pages\/1713","targetHints":{"allow":["GET"]}}],"collection":[{"href":"https:\/\/mediahint.support\/support\/es\/wp-json\/wp\/v2\/pages"}],"about":[{"href":"https:\/\/mediahint.support\/support\/es\/wp-json\/wp\/v2\/types\/page"}],"author":[{"embeddable":true,"href":"https:\/\/mediahint.support\/support\/es\/wp-json\/wp\/v2\/users\/1"}],"replies":[{"embeddable":true,"href":"https:\/\/mediahint.support\/support\/es\/wp-json\/wp\/v2\/comments?post=1713"}],"version-history":[{"count":0,"href":"https:\/\/mediahint.support\/support\/es\/wp-json\/wp\/v2\/pages\/1713\/revisions"}],"wp:attachment":[{"href":"https:\/\/mediahint.support\/support\/es\/wp-json\/wp\/v2\/media?parent=1713"}],"curies":[{"name":"wp","href":"https:\/\/api.w.org\/{rel}","templated":true}]}}