{"id":1717,"date":"2014-09-15T13:32:45","date_gmt":"2014-09-15T20:32:45","guid":{"rendered":"https:\/\/mediahint.com\/support\/politica-de-privacidad"},"modified":"2014-12-22T14:23:19","modified_gmt":"2014-12-22T18:23:19","slug":"politica-de-privacidad","status":"publish","type":"page","link":"https:\/\/mediahint.support\/support\/es\/politica-de-privacidad","title":{"rendered":"Pol\u00edtica de privacidad"},"content":{"rendered":"<section class=\"docs-header\">\n<h3>Informaci\u00f3n general<\/h3>\n<\/section>\n<section class=\"docs-text\">MediaHint.com es un proveedor de servicios de servidores proxy a los que se puede acceder a trav\u00e9s de extensiones de MediaHint (\u201cNuestro software\u201d) para navegadores y que se comercializan en nuestro sitio web www.MediaHint.com (\u201cNuestro Sitio\u201d), denominados en conjunto o por separado \u201cNuestros Servicios\u201d. Nuestras Condiciones de uso y nuestra Pol\u00edtica de privacidad se aplican a quienes visiten Nuestro Sitio (\u201cVisitantes de Nuestro Sitio\u201d) y a quienes descarguen o utilicen Nuestro Software (\u201cUsuarios de Nuestro Software\u201d), denominados en conjunto o por separado \u201cUsuarios de Nuestros Servicios\u201d. Nuestras Condiciones de uso y nuestra Pol\u00edtica de privacidad se aplican a todos los Usuarios de Nuestros Servicios. En Nuestras Condiciones de uso (y en cualquier otro documento citado en ellas) se establecen normas respecto del uso de Nuestros Servicios, de nuestras responsabilidades y de nuestros derechos. En Nuestra Pol\u00edtica de privacidad (y en cualquier otro documento citado en ella) se tratan todas las maneras en que a trav\u00e9s de Nuestro Sitio, de Nuestro Software y de Terceros se recopilan y utilizan datos de Usuarios de Nuestro Software.<\/p>\n<p>Lee detenidamente las Condiciones de uso y la Pol\u00edtica de privacidad antes de comenzar a utilizar Nuestros Servicios.<\/p>\n<p>Al utilizar Nuestros Servicios, confirmar\u00e1s que aceptas nuestra Pol\u00edtica de privacidad y nuestras Condiciones de uso, y que cumplir\u00e1s con ellas. Si no aceptas estas Condiciones de uso y Pol\u00edticas de privacidad, abstente de utilizar Nuestros Servicios.<\/p>\n<p>Si tienes alguna pregunta relacionada con nuestras Condiciones de uso o nuestra Pol\u00edtica de privacidad, puedes comunicarte con nosotros por correo electr\u00f3nico (<a href=\"mailto:contact@mediahint.com\">contact@mediahint.com<\/a>).<\/p>\n<\/section>\n<section class=\"docs-header\">\n<hr \/>\n<h3><\/h3>\n<h3>Pol\u00edtica de privacidad<\/h3>\n<\/section>\n<section class=\"docs-text\">En esta Pol\u00edtica de privacidad se tratan todas las maneras en que a trav\u00e9s de Nuestro Sitio, de Nuestro Software y de Terceros se recopilan y utilizan datos de Visitantes de Nuestro Sitio y Usuarios de Nuestro Software.<\/p>\n<h3>1 \u00a0\u00a0 DATOS QUE NO RECOPILAMOS:<\/h3>\n<p>NO controlamos, recopilamos ni almacenamos informaci\u00f3n sobre los sitios web que visites, ni datos que suministres en estos sitios web mientras utilizas Nuestros Servicios.<\/p>\n<h3>2 \u00a0\u00a0DATOS QUE RECOPILAMOS:<\/h3>\n<p>Recopilamos datos relacionados \u00fanicamente con tu comportamiento en Nuestro Sitio e informaci\u00f3n que t\u00fa mismo nos env\u00edes. Todos los datos recopilados se utilizan \u00fanicamente para mejorar la calidad de Nuestros Servicios. Los premisos otorgados y los datos recopilados por Nuestro Software, Nuestro Sitio y Terceros se tratan en detalle en las siguientes secciones:<\/p>\n<h4>2.1 \u00a0\u00a0 USO DE NUESTRO SOFTWARE<\/h4>\n<p>Nuestro Software solo tiene acceso a ajustes de servidores proxy de los navegadores de los Usuarios de Nuestro Software. Este acceso es imprescindible y solo se concede para brindar Nuestros Servicios. Nuestro Software no tiene acceso a aspectos adicionales y no recopila datos acerca de los Usuarios de Nuestro Software.<\/p>\n<p>Terceros (Google Inc. y Mozilla Corporation) pueden recopilar otra informaci\u00f3n que utilizaremos para ofrecer Nuestro Software a trav\u00e9s de una extensi\u00f3n de Google Chrome o un complemento de Mozilla Firefox. La informaci\u00f3n que estos Terceros recopilen puede variar seg\u00fan sus pol\u00edticas de privacidad.<\/p>\n<h4>2.2 \u00a0\u00a0 USO DE NUESTRO SITIO<\/h4>\n<p>En nuestro sitio se utiliza Google Analytics para analizar la manera en que los usuarios utilizan el sitio. Utilizamos esta herramienta \u00fanicamente para satisfacer mejor tus necesidades y mejorar Nuestros Servicios seg\u00fan el comportamiento de los Usuarios de Nuestros Servicios.<\/p>\n<p>En la herramienta se utilizan \u201ccookies\u201d, que son archivos de texto almacenados en tu computadora para recopilar informaci\u00f3n de registros de Internet, y sobre el comportamiento de los visitantes, de manera an\u00f3nima. La informaci\u00f3n an\u00f3nima que la cookie genera acerca del uso que haces de Nuestro Sitio (incluida la direcci\u00f3n IP) se transmite a Google. Esta informaci\u00f3n luego se utiliza para evaluar el uso que los visitantes hacen del sitio web y compilar informes estad\u00edsticos sobre la actividad del sitio web solo para uso de Mediahint.com. No utilizaremos la herramienta de an\u00e1lisis estad\u00edstico para el seguimiento o la recopilaci\u00f3n de informaci\u00f3n de identificaci\u00f3n personal sobre los visitantes de Nuestro Sitio, y tampoco se lo permitiremos a Terceros. No asociaremos datos recopilados de Nuestro Sitio con informaci\u00f3n de identificaci\u00f3n personal de ninguna fuente como parte de nuestra aplicaci\u00f3n de la herramienta de an\u00e1lisis estad\u00edstico de Google. Google no asociar\u00e1 tu direcci\u00f3n IP con ning\u00fan otro dato del que Google disponga. Ni MediaHint.com ni Google vincular\u00e1n, ni buscar\u00e1n vincular, una direcci\u00f3n IP con la identidad de un usuario de computadora.<\/p>\n<p>Se puede obtener m\u00e1s informaci\u00f3n sobre Google Analytics respecto de la privacidad y las cookies en <a href=\"http:\/\/www.google.com\/analytics\/tos.html\" target=\"_blank\">http:\/\/www.google.com\/analytics\/tos.html<\/a> y <a href=\"https:\/\/developers.google.com\/analytics\/resources\/concepts\/gaConceptsCookies\" target=\"_blank\">https:\/\/developers.google.com\/analytics\/resources\/concepts\/gaConceptsCookies<\/a>.<\/p>\n<h4>2.3\u00a0\u00a0\u00a0 ENV\u00cdO DE INFORMACI\u00d3N PERSONAL<\/h4>\n<p>Los comentarios y la asistencia est\u00e1n a cargo de Intercom, Inc., un proveedor de servicios independiente (Tercero). Cualquier informaci\u00f3n suministrada por visitantes de Nuestro Sitio que utilicen el formulario de contacto de asistencia ser\u00e1 recopilada por Intercom, Inc. La informaci\u00f3n se comparte con MediaHint.com, y por el presente documento aceptas que Intercom, Inc. la comparta con MediaHint.com. Toda la informaci\u00f3n recopilada por Intercom, Inc. se rige por las Condiciones de uso y la Pol\u00edtica de privacidad de Intercom, las cuales pueden hallarse en <a href=\"http:\/\/docs.intercom.io\/privacy\" target=\"_blank\">http:\/\/docs.intercom.io\/privacy<\/a>.<\/p>\n<hr \/>\n<p>En vigencia a partir del 26 de octubre de 2012.<\/p>\n<\/section>\n","protected":false},"excerpt":{"rendered":"<p>Informaci\u00f3n general MediaHint.com es un proveedor de servicios de servidores proxy a los que se puede acceder a trav\u00e9s de extensiones de MediaHint (\u201cNuestro software\u201d) para navegadores y que se comercializan en nuestro sitio web www.MediaHint.com (\u201cNuestro Sitio\u201d), denominados en conjunto o por separado \u201cNuestros Servicios\u201d. Nuestras Condiciones de uso y nuestra Pol\u00edtica de privacidad [&hellip;]<\/p>\n","protected":false},"author":1,"featured_media":0,"parent":0,"menu_order":0,"comment_status":"closed","ping_status":"closed","template":"template-full-width.php","meta":{"footnotes":"","_links_to":"","_links_to_target":""},"class_list":["post-1717","page","type-page","status-publish","hentry"],"yoast_head":"<!-- This site is optimized with the Yoast SEO plugin v27.2 - https:\/\/yoast.com\/product\/yoast-seo-wordpress\/ -->\n<title>Pol\u00edtica de privacidad - Media Hint Support<\/title>\n<meta name=\"robots\" content=\"index, follow, max-snippet:-1, max-image-preview:large, max-video-preview:-1\" \/>\n<link rel=\"canonical\" href=\"http:\/\/mediahint.support\/support\/es\/politica-de-privacidad\" \/>\n<meta property=\"og:locale\" content=\"es_ES\" \/>\n<meta property=\"og:type\" content=\"article\" \/>\n<meta property=\"og:title\" content=\"Pol\u00edtica de privacidad - Media Hint Support\" \/>\n<meta property=\"og:description\" content=\"Informaci\u00f3n general MediaHint.com es un proveedor de servicios de servidores proxy a los que se puede acceder a trav\u00e9s de extensiones de MediaHint (\u201cNuestro software\u201d) para navegadores y que se comercializan en nuestro sitio web www.MediaHint.com (\u201cNuestro Sitio\u201d), denominados en conjunto o por separado \u201cNuestros Servicios\u201d. Nuestras Condiciones de uso y nuestra Pol\u00edtica de privacidad [&hellip;]\" \/>\n<meta property=\"og:url\" content=\"http:\/\/mediahint.support\/support\/es\/politica-de-privacidad\" \/>\n<meta property=\"og:site_name\" content=\"Media Hint Support\" \/>\n<meta property=\"article:modified_time\" content=\"2014-12-22T18:23:19+00:00\" \/>\n<meta name=\"twitter:label1\" content=\"Tiempo de lectura\" \/>\n\t<meta name=\"twitter:data1\" content=\"4 minutos\" \/>\n<script type=\"application\/ld+json\" class=\"yoast-schema-graph\">{\"@context\":\"https:\/\/schema.org\",\"@graph\":[{\"@type\":\"WebPage\",\"@id\":\"http:\/\/mediahint.support\/support\/es\/politica-de-privacidad\",\"url\":\"http:\/\/mediahint.support\/support\/es\/politica-de-privacidad\",\"name\":\"Pol\u00edtica de privacidad - Media Hint Support\",\"isPartOf\":{\"@id\":\"http:\/\/mediahint.support\/support\/#website\"},\"datePublished\":\"2014-09-15T20:32:45+00:00\",\"dateModified\":\"2014-12-22T18:23:19+00:00\",\"breadcrumb\":{\"@id\":\"http:\/\/mediahint.support\/support\/es\/politica-de-privacidad#breadcrumb\"},\"inLanguage\":\"es\",\"potentialAction\":[{\"@type\":\"ReadAction\",\"target\":[\"http:\/\/mediahint.support\/support\/es\/politica-de-privacidad\"]}]},{\"@type\":\"BreadcrumbList\",\"@id\":\"http:\/\/mediahint.support\/support\/es\/politica-de-privacidad#breadcrumb\",\"itemListElement\":[{\"@type\":\"ListItem\",\"position\":1,\"name\":\"Home\",\"item\":\"http:\/\/mediahint.support\/support\/es\"},{\"@type\":\"ListItem\",\"position\":2,\"name\":\"Pol\u00edtica de privacidad\"}]},{\"@type\":\"WebSite\",\"@id\":\"http:\/\/mediahint.support\/support\/#website\",\"url\":\"http:\/\/mediahint.support\/support\/\",\"name\":\"Media Hint Support\",\"description\":\"\",\"potentialAction\":[{\"@type\":\"SearchAction\",\"target\":{\"@type\":\"EntryPoint\",\"urlTemplate\":\"http:\/\/mediahint.support\/support\/?s={search_term_string}\"},\"query-input\":{\"@type\":\"PropertyValueSpecification\",\"valueRequired\":true,\"valueName\":\"search_term_string\"}}],\"inLanguage\":\"es\"}]}<\/script>\n<!-- \/ Yoast SEO plugin. -->","yoast_head_json":{"title":"Pol\u00edtica de privacidad - Media Hint Support","robots":{"index":"index","follow":"follow","max-snippet":"max-snippet:-1","max-image-preview":"max-image-preview:large","max-video-preview":"max-video-preview:-1"},"canonical":"http:\/\/mediahint.support\/support\/es\/politica-de-privacidad","og_locale":"es_ES","og_type":"article","og_title":"Pol\u00edtica de privacidad - Media Hint Support","og_description":"Informaci\u00f3n general MediaHint.com es un proveedor de servicios de servidores proxy a los que se puede acceder a trav\u00e9s de extensiones de MediaHint (\u201cNuestro software\u201d) para navegadores y que se comercializan en nuestro sitio web www.MediaHint.com (\u201cNuestro Sitio\u201d), denominados en conjunto o por separado \u201cNuestros Servicios\u201d. Nuestras Condiciones de uso y nuestra Pol\u00edtica de privacidad [&hellip;]","og_url":"http:\/\/mediahint.support\/support\/es\/politica-de-privacidad","og_site_name":"Media Hint Support","article_modified_time":"2014-12-22T18:23:19+00:00","twitter_misc":{"Tiempo de lectura":"4 minutos"},"schema":{"@context":"https:\/\/schema.org","@graph":[{"@type":"WebPage","@id":"http:\/\/mediahint.support\/support\/es\/politica-de-privacidad","url":"http:\/\/mediahint.support\/support\/es\/politica-de-privacidad","name":"Pol\u00edtica de privacidad - Media Hint Support","isPartOf":{"@id":"http:\/\/mediahint.support\/support\/#website"},"datePublished":"2014-09-15T20:32:45+00:00","dateModified":"2014-12-22T18:23:19+00:00","breadcrumb":{"@id":"http:\/\/mediahint.support\/support\/es\/politica-de-privacidad#breadcrumb"},"inLanguage":"es","potentialAction":[{"@type":"ReadAction","target":["http:\/\/mediahint.support\/support\/es\/politica-de-privacidad"]}]},{"@type":"BreadcrumbList","@id":"http:\/\/mediahint.support\/support\/es\/politica-de-privacidad#breadcrumb","itemListElement":[{"@type":"ListItem","position":1,"name":"Home","item":"http:\/\/mediahint.support\/support\/es"},{"@type":"ListItem","position":2,"name":"Pol\u00edtica de privacidad"}]},{"@type":"WebSite","@id":"http:\/\/mediahint.support\/support\/#website","url":"http:\/\/mediahint.support\/support\/","name":"Media Hint Support","description":"","potentialAction":[{"@type":"SearchAction","target":{"@type":"EntryPoint","urlTemplate":"http:\/\/mediahint.support\/support\/?s={search_term_string}"},"query-input":{"@type":"PropertyValueSpecification","valueRequired":true,"valueName":"search_term_string"}}],"inLanguage":"es"}]}},"_links":{"self":[{"href":"https:\/\/mediahint.support\/support\/es\/wp-json\/wp\/v2\/pages\/1717","targetHints":{"allow":["GET"]}}],"collection":[{"href":"https:\/\/mediahint.support\/support\/es\/wp-json\/wp\/v2\/pages"}],"about":[{"href":"https:\/\/mediahint.support\/support\/es\/wp-json\/wp\/v2\/types\/page"}],"author":[{"embeddable":true,"href":"https:\/\/mediahint.support\/support\/es\/wp-json\/wp\/v2\/users\/1"}],"replies":[{"embeddable":true,"href":"https:\/\/mediahint.support\/support\/es\/wp-json\/wp\/v2\/comments?post=1717"}],"version-history":[{"count":3,"href":"https:\/\/mediahint.support\/support\/es\/wp-json\/wp\/v2\/pages\/1717\/revisions"}],"predecessor-version":[{"id":1725,"href":"https:\/\/mediahint.support\/support\/es\/wp-json\/wp\/v2\/pages\/1717\/revisions\/1725"}],"wp:attachment":[{"href":"https:\/\/mediahint.support\/support\/es\/wp-json\/wp\/v2\/media?parent=1717"}],"curies":[{"name":"wp","href":"https:\/\/api.w.org\/{rel}","templated":true}]}}