{"id":770,"date":"2014-06-25T18:36:44","date_gmt":"2014-06-25T22:36:44","guid":{"rendered":"https:\/\/mediahint.com\/support\/contactar-a-soporte"},"modified":"2014-11-25T13:48:18","modified_gmt":"2014-11-25T17:48:18","slug":"contactar-a-soporte","status":"publish","type":"page","link":"https:\/\/mediahint.support\/support\/es\/contactar-a-soporte","title":{"rendered":"Contactar a soporte"},"content":{"rendered":"<p><strong>Usuarios Registrados de Media Hint:<\/strong><em> Le invitamos a entrar en<a href=\"http:\/\/mediahint.com\" target=\"_blank\"> https:\/\/mediahint.com<\/a> y haga clic en el enlace \u00abContactar a Soporte\u00bb en la parte inferior de la p\u00e1gina para enviar su pregunta y recibir la respuesta m\u00e1s r\u00e1pida.<\/em><\/p>\n<p>Por favor vea los art\u00edculos en el <a title=\"Help Center\" href=\"https:\/\/mediahint.com\/support\/es\/centro-de-ayuda\">Centro de ayuda<\/a> para obtener respuestas a una variedad de preguntas generales de MediaHint. Si usted tiene preguntas adicionales, por favor contacte a soporte a trav\u00e9s del siguiente formulario. Por favor a\u00f1adir todos los detalles posibles, para que podamos contestar su pregunta.<\/p>\n<p>&nbsp;<\/p>\n<div id=\"vfb-form-3\" class=\"visual-form-builder-container\"><form id=\"contact-support-3\" class=\"visual-form-builder vfb-form-3 \" method=\"post\" enctype=\"multipart\/form-data\">\n\t  \t<input type=\"hidden\" name=\"form_id\" value=\"3\" \/><fieldset class=\"vfb-fieldset vfb-fieldset-1 contact-mediahint-support \" id=\"item-vfb-22\"><div class=\"vfb-legend\"><h3>Contact MediaHint Support<\/h3><\/div><ul class=\"vfb-section vfb-section-1\"><li class=\"vfb-item vfb-item-text  \" id=\"item-vfb-29\"><label for=\"vfb-29\" class=\"vfb-desc\">Name (First and Last)  <span class=\"vfb-required-asterisk\">*<\/span><\/label><span class=\"vfb-span\"><input type=\"text\" name=\"vfb-29\" id=\"vfb-29\" value=\"\" class=\"vfb-text  vfb-medium  required  \" \/><label>Giving us your full name makes it easier to help with account questions.<\/label><\/span><\/li><li class=\"vfb-item vfb-item-email  \" id=\"item-vfb-27\"><label for=\"vfb-27\" class=\"vfb-desc\">Email Address  <span class=\"vfb-required-asterisk\">*<\/span><\/label><span class=\"vfb-span\"><input type=\"email\" name=\"vfb-27\" id=\"vfb-27\" value=\"\" class=\"vfb-text  vfb-medium  required  email \" \/><label>Please use the email address tied to your MediaHint account.<\/label><\/span><\/li><li class=\"vfb-item vfb-item-checkbox  \" id=\"item-vfb-55\"><label class=\"vfb-desc\">What setup method are you using?  <span class=\"vfb-required-asterisk\">*<\/span><\/label><div><span class=\"vfb-span\"><input type=\"checkbox\" name=\"vfb-55[]\" id=\"vfb-55-0\" value=\"Firefox Browser Extension\" class=\"vfb-checkbox  required \" \/><label for=\"vfb-55-0\" class=\"vfb-choice\">Firefox Browser Extension<\/label><\/span><span class=\"vfb-span\"><input type=\"checkbox\" name=\"vfb-55[]\" id=\"vfb-55-1\" value=\"Chrome Browser Extension\" class=\"vfb-checkbox  required \" \/><label for=\"vfb-55-1\" class=\"vfb-choice\">Chrome Browser Extension<\/label><\/span><span class=\"vfb-span\"><input type=\"checkbox\" name=\"vfb-55[]\" id=\"vfb-55-2\" value=\"DNS Configuration (mobile\/tablets\/routers)\" class=\"vfb-checkbox  required \" \/><label for=\"vfb-55-2\" class=\"vfb-choice\">DNS Configuration (mobile\/tablets\/routers)<\/label><\/span><div style=\"clear:both\"><\/div><\/div><\/li><li class=\"vfb-item vfb-item-text  \" id=\"item-vfb-54\"><label for=\"vfb-54\" class=\"vfb-desc\">What device are you using? <\/label><span class=\"vfb-span\"><input type=\"text\" name=\"vfb-54\" id=\"vfb-54\" value=\"\" class=\"vfb-text  vfb-medium   \" \/><label>For example, Mac, PC, laptop\/desktop, iPad, Android tablet, smart TV, gaming system, router, etc.<\/label><\/span><\/li><li class=\"vfb-item vfb-item-textarea  \" id=\"item-vfb-26\"><label for=\"vfb-26\" class=\"vfb-desc\">Support question or comment: <\/label><div><span class=\"vfb-span\"><label>Please be as detailed as possible explaining your question or issue. Include your Operating System and Browser.<\/label><\/span><textarea name=\"vfb-26\" id=\"vfb-26\" class=\"vfb-textarea  vfb-medium  \"><\/textarea><\/div><\/li><\/ul>&nbsp;<\/fieldset><fieldset class=\"vfb-fieldset vfb-fieldset-2 please-verify-youre-human-then-submit-your-request \" id=\"item-vfb-23\" style=\"display:block\"><div class=\"vfb-legend\"><h3>Please verify you&#039;re human, then submit your request.<\/h3><\/div><ul class=\"vfb-section vfb-section-2\"><li class=\"vfb-item vfb-item-secret\"  style=\"display:block\"><label for=\"vfb-24\" class=\"vfb-desc\">Please enter any two digits <span class=\"vfb-required-asterisk\">*<\/span><\/label><input type=\"hidden\" name=\"_vfb-secret\" value=\"vfb-24\" \/><span class=\"vfb-span\"><input type=\"text\" name=\"vfb-24\" id=\"vfb-24\" value=\"\" class=\"vfb-text  vfb-medium  required {digits:true,maxlength:2,minlength:2} \" style=\"display:block\" \/><label>Example: 12<\/label><\/span><li style=\"display:none;\"><label>Esta caja es para protecci\u00f3n contra el spam - &lt;strong&gt;por favor d\u00e9jalo en blanco&lt;\/strong&gt;:<\/label><div><input name=\"vfb-spam\" \/><\/div><\/li>\n\t\t\t<li class=\"vfb-item vfb-item-submit\" id=\"item-vfb-25\">\n\t\t\t\t<input type=\"submit\" name=\"vfb-submit\" id=\"vfb-25\" value=\"Submit\" class=\"vfb-submit \" \/>\n\t\t\t\t<\/li><\/ul>\n\t\t\t<\/fieldset><input type=\"hidden\" name=\"_wp_http_referer\" value=\"\/support\/es\/wp-json\/wp\/v2\/pages\/770\" \/><\/form><\/div> <!-- .visual-form-builder-container -->\n","protected":false},"excerpt":{"rendered":"<p>Usuarios Registrados de Media Hint: Le invitamos a entrar en https:\/\/mediahint.com y haga clic en el enlace \u00abContactar a Soporte\u00bb en la parte inferior de la p\u00e1gina para enviar su pregunta y recibir la respuesta m\u00e1s r\u00e1pida. Por favor vea los art\u00edculos en el Centro de ayuda para obtener respuestas a una variedad de preguntas [&hellip;]<\/p>\n","protected":false},"author":1,"featured_media":0,"parent":0,"menu_order":0,"comment_status":"open","ping_status":"open","template":"","meta":{"footnotes":"","_links_to":"","_links_to_target":""},"class_list":["post-770","page","type-page","status-publish","hentry"],"yoast_head":"<!-- This site is optimized with the Yoast SEO plugin v27.2 - https:\/\/yoast.com\/product\/yoast-seo-wordpress\/ -->\n<title>Contactar a soporte - Media Hint Support<\/title>\n<meta name=\"robots\" content=\"index, follow, max-snippet:-1, max-image-preview:large, max-video-preview:-1\" \/>\n<link rel=\"canonical\" href=\"https:\/\/mediahint.support\/support\/es\/contactar-a-soporte\" \/>\n<meta property=\"og:locale\" content=\"es_ES\" \/>\n<meta property=\"og:type\" content=\"article\" \/>\n<meta property=\"og:title\" content=\"Contactar a soporte - Media Hint Support\" \/>\n<meta property=\"og:description\" content=\"Usuarios Registrados de Media Hint: Le invitamos a entrar en https:\/\/mediahint.com y haga clic en el enlace \u00abContactar a Soporte\u00bb en la parte inferior de la p\u00e1gina para enviar su pregunta y recibir la respuesta m\u00e1s r\u00e1pida. Por favor vea los art\u00edculos en el Centro de ayuda para obtener respuestas a una variedad de preguntas [&hellip;]\" \/>\n<meta property=\"og:url\" content=\"https:\/\/mediahint.support\/support\/es\/contactar-a-soporte\" \/>\n<meta property=\"og:site_name\" content=\"Media Hint Support\" \/>\n<meta property=\"article:modified_time\" content=\"2014-11-25T17:48:18+00:00\" \/>\n<script type=\"application\/ld+json\" class=\"yoast-schema-graph\">{\"@context\":\"https:\/\/schema.org\",\"@graph\":[{\"@type\":\"WebPage\",\"@id\":\"https:\/\/mediahint.support\/support\/es\/contactar-a-soporte\",\"url\":\"https:\/\/mediahint.support\/support\/es\/contactar-a-soporte\",\"name\":\"Contactar a soporte - Media Hint Support\",\"isPartOf\":{\"@id\":\"http:\/\/mediahint.support\/support\/#website\"},\"datePublished\":\"2014-06-25T22:36:44+00:00\",\"dateModified\":\"2014-11-25T17:48:18+00:00\",\"breadcrumb\":{\"@id\":\"https:\/\/mediahint.support\/support\/es\/contactar-a-soporte#breadcrumb\"},\"inLanguage\":\"es\",\"potentialAction\":[{\"@type\":\"ReadAction\",\"target\":[\"https:\/\/mediahint.support\/support\/es\/contactar-a-soporte\"]}]},{\"@type\":\"BreadcrumbList\",\"@id\":\"https:\/\/mediahint.support\/support\/es\/contactar-a-soporte#breadcrumb\",\"itemListElement\":[{\"@type\":\"ListItem\",\"position\":1,\"name\":\"Home\",\"item\":\"http:\/\/mediahint.support\/support\/es\"},{\"@type\":\"ListItem\",\"position\":2,\"name\":\"Contactar a soporte\"}]},{\"@type\":\"WebSite\",\"@id\":\"http:\/\/mediahint.support\/support\/#website\",\"url\":\"http:\/\/mediahint.support\/support\/\",\"name\":\"Media Hint Support\",\"description\":\"\",\"potentialAction\":[{\"@type\":\"SearchAction\",\"target\":{\"@type\":\"EntryPoint\",\"urlTemplate\":\"http:\/\/mediahint.support\/support\/?s={search_term_string}\"},\"query-input\":{\"@type\":\"PropertyValueSpecification\",\"valueRequired\":true,\"valueName\":\"search_term_string\"}}],\"inLanguage\":\"es\"}]}<\/script>\n<!-- \/ Yoast SEO plugin. -->","yoast_head_json":{"title":"Contactar a soporte - Media Hint Support","robots":{"index":"index","follow":"follow","max-snippet":"max-snippet:-1","max-image-preview":"max-image-preview:large","max-video-preview":"max-video-preview:-1"},"canonical":"https:\/\/mediahint.support\/support\/es\/contactar-a-soporte","og_locale":"es_ES","og_type":"article","og_title":"Contactar a soporte - Media Hint Support","og_description":"Usuarios Registrados de Media Hint: Le invitamos a entrar en https:\/\/mediahint.com y haga clic en el enlace \u00abContactar a Soporte\u00bb en la parte inferior de la p\u00e1gina para enviar su pregunta y recibir la respuesta m\u00e1s r\u00e1pida. Por favor vea los art\u00edculos en el Centro de ayuda para obtener respuestas a una variedad de preguntas [&hellip;]","og_url":"https:\/\/mediahint.support\/support\/es\/contactar-a-soporte","og_site_name":"Media Hint Support","article_modified_time":"2014-11-25T17:48:18+00:00","schema":{"@context":"https:\/\/schema.org","@graph":[{"@type":"WebPage","@id":"https:\/\/mediahint.support\/support\/es\/contactar-a-soporte","url":"https:\/\/mediahint.support\/support\/es\/contactar-a-soporte","name":"Contactar a soporte - Media Hint Support","isPartOf":{"@id":"http:\/\/mediahint.support\/support\/#website"},"datePublished":"2014-06-25T22:36:44+00:00","dateModified":"2014-11-25T17:48:18+00:00","breadcrumb":{"@id":"https:\/\/mediahint.support\/support\/es\/contactar-a-soporte#breadcrumb"},"inLanguage":"es","potentialAction":[{"@type":"ReadAction","target":["https:\/\/mediahint.support\/support\/es\/contactar-a-soporte"]}]},{"@type":"BreadcrumbList","@id":"https:\/\/mediahint.support\/support\/es\/contactar-a-soporte#breadcrumb","itemListElement":[{"@type":"ListItem","position":1,"name":"Home","item":"http:\/\/mediahint.support\/support\/es"},{"@type":"ListItem","position":2,"name":"Contactar a soporte"}]},{"@type":"WebSite","@id":"http:\/\/mediahint.support\/support\/#website","url":"http:\/\/mediahint.support\/support\/","name":"Media Hint Support","description":"","potentialAction":[{"@type":"SearchAction","target":{"@type":"EntryPoint","urlTemplate":"http:\/\/mediahint.support\/support\/?s={search_term_string}"},"query-input":{"@type":"PropertyValueSpecification","valueRequired":true,"valueName":"search_term_string"}}],"inLanguage":"es"}]}},"_links":{"self":[{"href":"https:\/\/mediahint.support\/support\/es\/wp-json\/wp\/v2\/pages\/770","targetHints":{"allow":["GET"]}}],"collection":[{"href":"https:\/\/mediahint.support\/support\/es\/wp-json\/wp\/v2\/pages"}],"about":[{"href":"https:\/\/mediahint.support\/support\/es\/wp-json\/wp\/v2\/types\/page"}],"author":[{"embeddable":true,"href":"https:\/\/mediahint.support\/support\/es\/wp-json\/wp\/v2\/users\/1"}],"replies":[{"embeddable":true,"href":"https:\/\/mediahint.support\/support\/es\/wp-json\/wp\/v2\/comments?post=770"}],"version-history":[{"count":3,"href":"https:\/\/mediahint.support\/support\/es\/wp-json\/wp\/v2\/pages\/770\/revisions"}],"predecessor-version":[{"id":1480,"href":"https:\/\/mediahint.support\/support\/es\/wp-json\/wp\/v2\/pages\/770\/revisions\/1480"}],"wp:attachment":[{"href":"https:\/\/mediahint.support\/support\/es\/wp-json\/wp\/v2\/media?parent=770"}],"curies":[{"name":"wp","href":"https:\/\/api.w.org\/{rel}","templated":true}]}}