{"id":800,"date":"2014-10-03T15:08:14","date_gmt":"2014-10-03T19:08:14","guid":{"rendered":"https:\/\/mediahint.com\/support\/vagas"},"modified":"2014-10-03T15:08:14","modified_gmt":"2014-10-03T19:08:14","slug":"vagas","status":"publish","type":"page","link":"https:\/\/mediahint.support\/support\/pt-br\/vagas","title":{"rendered":"Vagas"},"content":{"rendered":"<p><img loading=\"lazy\" decoding=\"async\" class=\"aligncenter size-full wp-image-687\" src=\"https:\/\/mediahint.com\/support\/wp-content\/uploads\/2014\/10\/jobs_header1.jpg\" alt=\"\" width=\"1200\" height=\"300\" srcset=\"https:\/\/mediahint.support\/support\/wp-content\/uploads\/2014\/10\/jobs_header1.jpg 1200w, https:\/\/mediahint.support\/support\/wp-content\/uploads\/2014\/10\/jobs_header1-300x75.jpg 300w, https:\/\/mediahint.support\/support\/wp-content\/uploads\/2014\/10\/jobs_header1-1024x256.jpg 1024w\" sizes=\"auto, (max-width: 1200px) 100vw, 1200px\" \/><\/p>\n<p>\u00a0<\/p>\n<div class=\"su-row\">\n<div class=\"su-column su-column-size-1-3\"><div class=\"su-column-inner su-u-clearfix su-u-trim\">\n<h1 style=\"text-align: center;\"><span style=\"color: #9dca3c;\">Explore<\/span><\/h1>\n<p>A internet \u00e9 grande e n\u00f3s planejamos torn\u00e1-la ainda maior. N\u00f3s somos uma equipe inovadora explorando e derrubando os limites da rede.\u00a0 <\/div><\/div>\n<div class=\"su-column su-column-size-1-3\"><div class=\"su-column-inner su-u-clearfix su-u-trim\">\n<h1 style=\"text-align: center;\"><span style=\"color: #0084b4;\">Desenvolva<\/span><\/h1>\n<p>Esta n\u00e3o \u00e9 uma empresa comum igual todas as outras. Estamos procurando pessoas que podem nos ajudar a desenvolver novas ideias e solucionar problemas de maneira criativa e eficiente.\u00a0 <\/div><\/div>\n<div class=\"su-column su-column-size-1-3\"><div class=\"su-column-inner su-u-clearfix su-u-trim\">\n<h1 style=\"text-align: center;\"><span style=\"color: #d91f45;\">Cres\u00e7a<\/span><\/h1>\n<p>Somos uma equipe pequena e estamos crescendo rapidamente. N\u00f3s criamos, testamos e implementamos novos recursos todos os dias, por isso estamos procurando membros para nos ajudar a crescer junto com nossa comunidade de usu\u00e1rios que est\u00e1 em expans\u00e3o.\u00a0 <\/div><\/div>\n<\/div>\n<p>\u00a0<\/p>\n<hr \/>\n<p><img loading=\"lazy\" decoding=\"async\" class=\"aligncenter size-full wp-image-688\" src=\"https:\/\/mediahint.com\/support\/wp-content\/uploads\/2014\/10\/jobs_anywhere.jpg\" alt=\"\" width=\"1200\" height=\"160\" srcset=\"https:\/\/mediahint.support\/support\/wp-content\/uploads\/2014\/10\/jobs_anywhere.jpg 1200w, https:\/\/mediahint.support\/support\/wp-content\/uploads\/2014\/10\/jobs_anywhere-300x40.jpg 300w, https:\/\/mediahint.support\/support\/wp-content\/uploads\/2014\/10\/jobs_anywhere-1024x136.jpg 1024w\" sizes=\"auto, (max-width: 1200px) 100vw, 1200px\" \/><\/p>\n<p>\u00a0<\/p>\n<h2><span style=\"color: #0084b4;\">Desenvolvedor<\/span><\/h2>\n<h4>Descri\u00e7\u00e3o:<\/h4>\n<p>Estamos procurando um excelente desenvolvedor para ser respons\u00e1vel pelo trabalho em diversas partes de um proxy como um aplicativo de servi\u00e7o.<\/p>\n<h4>Responsabilidade:<\/h4>\n<ul>\n<li>Escrever c\u00f3digo bem projetado, test\u00e1vel e eficiente usando as melhores pr\u00e1ticas de desenvolvimento de software.<\/li>\n<li>Coletar e refinar especifica\u00e7\u00f5es e requerimentos com base em necessidades t\u00e9cnicas.<\/li>\n<li>Criar e manter software<\/li>\n<li>Ser respons\u00e1vel pela manuten\u00e7\u00e3o, expans\u00e3o e dimensionamento do nosso servi\u00e7o<\/li>\n<li>Estar ciente de tecnologias\/tend\u00eancias emergentes da ind\u00fastria e aplic\u00e1-las nas opera\u00e7\u00f5es e atividades da empresa.<\/li>\n<li>Cooperar e colaborar com membro da equipe na vis\u00e3o dos produtos<\/li>\n<\/ul>\n<h4>Requisitos<\/h4>\n<ul>\n<li>Conhecimento profundo de Linux<\/li>\n<li>Especializa\u00e7\u00e3o em Mongo DB<\/li>\n<li>Conhecimento abrangente de DNS, HA Proxy, SSL e Squid<\/li>\n<li>Um conhecimento s\u00f3lido de como aplicativos de web funcionam, incluindo seguran\u00e7a, gerenciamento de sess\u00f5es e as melhores pr\u00e1ticas de desenvolvimento<\/li>\n<li>Experi\u00eancia pr\u00e1tica com diagn\u00f3stico de rede, ferramentas de an\u00e1lise de rede como TCP Dump e Wireshark<\/li>\n<li>Habilidades agressivas para diagn\u00f3stico de problemas e criativas para solu\u00e7\u00e3o de problemas<\/li>\n<li>Fortes habilidades organizacionais e a capacidade de trabalhar em v\u00e1rias tarefas ao mesmo tempo dentro das restri\u00e7\u00f5es de prazos apertados<\/li>\n<li>Capacidade de trabalhar e crescer em um ambiente acelerado, aprender rapidamente e dominar novas tecnologias.<\/li>\n<\/ul>\n<p>Local e horas de trabalho flex\u00edveis. Sal\u00e1rio compat\u00edvel com a experi\u00eancia. Envie seu curr\u00edculo para o e-mail <a href=\"mailto:careers@mhgs.co\" target=\"_blank\">careers@mhgs.co.<\/a><\/p>\n","protected":false},"excerpt":{"rendered":"<p>\u00a0 \u00a0 \u00a0 Desenvolvedor Descri\u00e7\u00e3o: Estamos procurando um excelente desenvolvedor para ser respons\u00e1vel pelo trabalho em diversas partes de um proxy como um aplicativo de servi\u00e7o. Responsabilidade: Escrever c\u00f3digo bem projetado, test\u00e1vel e eficiente usando as melhores pr\u00e1ticas de desenvolvimento de software. Coletar e refinar especifica\u00e7\u00f5es e requerimentos com base em necessidades t\u00e9cnicas. Criar e [&hellip;]<\/p>\n","protected":false},"author":1,"featured_media":0,"parent":0,"menu_order":0,"comment_status":"closed","ping_status":"closed","template":"template-full-width.php","meta":{"footnotes":"","_links_to":"","_links_to_target":""},"class_list":["post-800","page","type-page","status-publish","hentry"],"yoast_head":"<!-- This site is optimized with the Yoast SEO plugin v27.2 - https:\/\/yoast.com\/product\/yoast-seo-wordpress\/ -->\n<title>Vagas - Media Hint Support<\/title>\n<meta name=\"robots\" content=\"index, follow, max-snippet:-1, max-image-preview:large, max-video-preview:-1\" \/>\n<link rel=\"canonical\" href=\"http:\/\/mediahint.support\/support\/pt-br\/vagas\" \/>\n<meta property=\"og:locale\" content=\"pt_BR\" \/>\n<meta property=\"og:type\" content=\"article\" \/>\n<meta property=\"og:title\" content=\"Vagas - Media Hint Support\" \/>\n<meta property=\"og:description\" content=\"\u00a0 \u00a0 \u00a0 Desenvolvedor Descri\u00e7\u00e3o: Estamos procurando um excelente desenvolvedor para ser respons\u00e1vel pelo trabalho em diversas partes de um proxy como um aplicativo de servi\u00e7o. Responsabilidade: Escrever c\u00f3digo bem projetado, test\u00e1vel e eficiente usando as melhores pr\u00e1ticas de desenvolvimento de software. Coletar e refinar especifica\u00e7\u00f5es e requerimentos com base em necessidades t\u00e9cnicas. Criar e [&hellip;]\" \/>\n<meta property=\"og:url\" content=\"http:\/\/mediahint.support\/support\/pt-br\/vagas\" \/>\n<meta property=\"og:site_name\" content=\"Media Hint Support\" \/>\n<meta property=\"og:image\" content=\"https:\/\/mediahint.com\/support\/wp-content\/uploads\/2014\/10\/jobs_header1.jpg\" \/>\n<meta name=\"twitter:label1\" content=\"Est. tempo de leitura\" \/>\n\t<meta name=\"twitter:data1\" content=\"2 minutos\" \/>\n<script type=\"application\/ld+json\" class=\"yoast-schema-graph\">{\"@context\":\"https:\/\/schema.org\",\"@graph\":[{\"@type\":\"WebPage\",\"@id\":\"http:\/\/mediahint.support\/support\/pt-br\/vagas\",\"url\":\"http:\/\/mediahint.support\/support\/pt-br\/vagas\",\"name\":\"Vagas - Media Hint Support\",\"isPartOf\":{\"@id\":\"http:\/\/mediahint.support\/support\/#website\"},\"primaryImageOfPage\":{\"@id\":\"http:\/\/mediahint.support\/support\/pt-br\/vagas#primaryimage\"},\"image\":{\"@id\":\"http:\/\/mediahint.support\/support\/pt-br\/vagas#primaryimage\"},\"thumbnailUrl\":\"https:\/\/mediahint.com\/support\/wp-content\/uploads\/2014\/10\/jobs_header1.jpg\",\"datePublished\":\"2014-10-03T19:08:14+00:00\",\"breadcrumb\":{\"@id\":\"http:\/\/mediahint.support\/support\/pt-br\/vagas#breadcrumb\"},\"inLanguage\":\"pt-BR\",\"potentialAction\":[{\"@type\":\"ReadAction\",\"target\":[\"http:\/\/mediahint.support\/support\/pt-br\/vagas\"]}]},{\"@type\":\"ImageObject\",\"inLanguage\":\"pt-BR\",\"@id\":\"http:\/\/mediahint.support\/support\/pt-br\/vagas#primaryimage\",\"url\":\"https:\/\/mediahint.com\/support\/wp-content\/uploads\/2014\/10\/jobs_header1.jpg\",\"contentUrl\":\"https:\/\/mediahint.com\/support\/wp-content\/uploads\/2014\/10\/jobs_header1.jpg\"},{\"@type\":\"BreadcrumbList\",\"@id\":\"http:\/\/mediahint.support\/support\/pt-br\/vagas#breadcrumb\",\"itemListElement\":[{\"@type\":\"ListItem\",\"position\":1,\"name\":\"Home\",\"item\":\"http:\/\/mediahint.support\/support\/pt-br\"},{\"@type\":\"ListItem\",\"position\":2,\"name\":\"Vagas\"}]},{\"@type\":\"WebSite\",\"@id\":\"http:\/\/mediahint.support\/support\/#website\",\"url\":\"http:\/\/mediahint.support\/support\/\",\"name\":\"Media Hint Support\",\"description\":\"\",\"potentialAction\":[{\"@type\":\"SearchAction\",\"target\":{\"@type\":\"EntryPoint\",\"urlTemplate\":\"http:\/\/mediahint.support\/support\/?s={search_term_string}\"},\"query-input\":{\"@type\":\"PropertyValueSpecification\",\"valueRequired\":true,\"valueName\":\"search_term_string\"}}],\"inLanguage\":\"pt-BR\"}]}<\/script>\n<!-- \/ Yoast SEO plugin. -->","yoast_head_json":{"title":"Vagas - Media Hint Support","robots":{"index":"index","follow":"follow","max-snippet":"max-snippet:-1","max-image-preview":"max-image-preview:large","max-video-preview":"max-video-preview:-1"},"canonical":"http:\/\/mediahint.support\/support\/pt-br\/vagas","og_locale":"pt_BR","og_type":"article","og_title":"Vagas - Media Hint Support","og_description":"\u00a0 \u00a0 \u00a0 Desenvolvedor Descri\u00e7\u00e3o: Estamos procurando um excelente desenvolvedor para ser respons\u00e1vel pelo trabalho em diversas partes de um proxy como um aplicativo de servi\u00e7o. Responsabilidade: Escrever c\u00f3digo bem projetado, test\u00e1vel e eficiente usando as melhores pr\u00e1ticas de desenvolvimento de software. Coletar e refinar especifica\u00e7\u00f5es e requerimentos com base em necessidades t\u00e9cnicas. Criar e [&hellip;]","og_url":"http:\/\/mediahint.support\/support\/pt-br\/vagas","og_site_name":"Media Hint Support","og_image":[{"url":"https:\/\/mediahint.com\/support\/wp-content\/uploads\/2014\/10\/jobs_header1.jpg","type":"","width":"","height":""}],"twitter_misc":{"Est. tempo de leitura":"2 minutos"},"schema":{"@context":"https:\/\/schema.org","@graph":[{"@type":"WebPage","@id":"http:\/\/mediahint.support\/support\/pt-br\/vagas","url":"http:\/\/mediahint.support\/support\/pt-br\/vagas","name":"Vagas - Media Hint Support","isPartOf":{"@id":"http:\/\/mediahint.support\/support\/#website"},"primaryImageOfPage":{"@id":"http:\/\/mediahint.support\/support\/pt-br\/vagas#primaryimage"},"image":{"@id":"http:\/\/mediahint.support\/support\/pt-br\/vagas#primaryimage"},"thumbnailUrl":"https:\/\/mediahint.com\/support\/wp-content\/uploads\/2014\/10\/jobs_header1.jpg","datePublished":"2014-10-03T19:08:14+00:00","breadcrumb":{"@id":"http:\/\/mediahint.support\/support\/pt-br\/vagas#breadcrumb"},"inLanguage":"pt-BR","potentialAction":[{"@type":"ReadAction","target":["http:\/\/mediahint.support\/support\/pt-br\/vagas"]}]},{"@type":"ImageObject","inLanguage":"pt-BR","@id":"http:\/\/mediahint.support\/support\/pt-br\/vagas#primaryimage","url":"https:\/\/mediahint.com\/support\/wp-content\/uploads\/2014\/10\/jobs_header1.jpg","contentUrl":"https:\/\/mediahint.com\/support\/wp-content\/uploads\/2014\/10\/jobs_header1.jpg"},{"@type":"BreadcrumbList","@id":"http:\/\/mediahint.support\/support\/pt-br\/vagas#breadcrumb","itemListElement":[{"@type":"ListItem","position":1,"name":"Home","item":"http:\/\/mediahint.support\/support\/pt-br"},{"@type":"ListItem","position":2,"name":"Vagas"}]},{"@type":"WebSite","@id":"http:\/\/mediahint.support\/support\/#website","url":"http:\/\/mediahint.support\/support\/","name":"Media Hint Support","description":"","potentialAction":[{"@type":"SearchAction","target":{"@type":"EntryPoint","urlTemplate":"http:\/\/mediahint.support\/support\/?s={search_term_string}"},"query-input":{"@type":"PropertyValueSpecification","valueRequired":true,"valueName":"search_term_string"}}],"inLanguage":"pt-BR"}]}},"_links":{"self":[{"href":"https:\/\/mediahint.support\/support\/pt-br\/wp-json\/wp\/v2\/pages\/800","targetHints":{"allow":["GET"]}}],"collection":[{"href":"https:\/\/mediahint.support\/support\/pt-br\/wp-json\/wp\/v2\/pages"}],"about":[{"href":"https:\/\/mediahint.support\/support\/pt-br\/wp-json\/wp\/v2\/types\/page"}],"author":[{"embeddable":true,"href":"https:\/\/mediahint.support\/support\/pt-br\/wp-json\/wp\/v2\/users\/1"}],"replies":[{"embeddable":true,"href":"https:\/\/mediahint.support\/support\/pt-br\/wp-json\/wp\/v2\/comments?post=800"}],"version-history":[{"count":0,"href":"https:\/\/mediahint.support\/support\/pt-br\/wp-json\/wp\/v2\/pages\/800\/revisions"}],"wp:attachment":[{"href":"https:\/\/mediahint.support\/support\/pt-br\/wp-json\/wp\/v2\/media?parent=800"}],"curies":[{"name":"wp","href":"https:\/\/api.w.org\/{rel}","templated":true}]}}